{"id":1907,"date":"2023-01-13T15:20:19","date_gmt":"2023-01-13T20:20:19","guid":{"rendered":"https:\/\/www.carsharevt.org\/khuyen-mai\/"},"modified":"2025-03-10T16:05:56","modified_gmt":"2025-03-10T21:05:56","slug":"khuyen-mai","status":"publish","type":"page","link":"https:\/\/www.carsharevt.org\/vi\/khuyen-mai\/","title":{"rendered":"Khuy\u1ebfn m\u00e3i"},"content":{"rendered":"","protected":false},"excerpt":{"rendered":"","protected":false},"author":4,"featured_media":0,"parent":0,"menu_order":0,"comment_status":"closed","ping_status":"closed","template":"","meta":{"_acf_changed":false,"inline_featured_image":false,"footnotes":""},"class_list":["post-1907","page","type-page","status-publish","hentry"],"acf":[],"yoast_head":"<!-- This site is optimized with the Yoast SEO plugin v26.8 - https:\/\/yoast.com\/product\/yoast-seo-wordpress\/ -->\n<title>Khuy\u1ebfn m\u00e3i - CarShare Vermont<\/title>\n<meta name=\"description\" content=\"\u01afu \u0111\u00e3i v\u00e0 c\u01a1 h\u1ed9i \u0111\u1eb7c bi\u1ec7t cho c\u00e1c th\u00e0nh vi\u00ean m\u1edbi c\u1ee7a CarShare Vermont. Ti\u1ebft ki\u1ec7m ti\u1ec1n v\u00e0 b\u1eaft \u0111\u1ea7u chia s\u1ebb xe ngay h\u00f4m nay.\" \/>\n<meta name=\"robots\" content=\"index, follow, max-snippet:-1, max-image-preview:large, max-video-preview:-1\" \/>\n<link rel=\"canonical\" href=\"https:\/\/www.carsharevt.org\/vi\/khuyen-mai\/\" \/>\n<meta property=\"og:locale\" content=\"vi_VN\" \/>\n<meta property=\"og:type\" content=\"article\" \/>\n<meta property=\"og:title\" content=\"Khuy\u1ebfn m\u00e3i - CarShare Vermont\" \/>\n<meta property=\"og:description\" content=\"\u01afu \u0111\u00e3i v\u00e0 c\u01a1 h\u1ed9i \u0111\u1eb7c bi\u1ec7t cho c\u00e1c th\u00e0nh vi\u00ean m\u1edbi c\u1ee7a CarShare Vermont. Ti\u1ebft ki\u1ec7m ti\u1ec1n v\u00e0 b\u1eaft \u0111\u1ea7u chia s\u1ebb xe ngay h\u00f4m nay.\" \/>\n<meta property=\"og:url\" content=\"https:\/\/www.carsharevt.org\/vi\/khuyen-mai\/\" \/>\n<meta property=\"og:site_name\" content=\"CarShare Vermont\" \/>\n<meta property=\"article:publisher\" content=\"http:\/\/facebook.com\/carsharevermont\" \/>\n<meta property=\"article:modified_time\" content=\"2025-03-10T21:05:56+00:00\" \/>\n<meta name=\"twitter:card\" content=\"summary_large_image\" \/>\n<meta name=\"twitter:site\" content=\"@carsharevermont\" \/>\n<script type=\"application\/ld+json\" class=\"yoast-schema-graph\">{\"@context\":\"https:\/\/schema.org\",\"@graph\":[{\"@type\":\"WebPage\",\"@id\":\"https:\/\/www.carsharevt.org\/vi\/khuyen-mai\/\",\"url\":\"https:\/\/www.carsharevt.org\/vi\/khuyen-mai\/\",\"name\":\"Khuy\u1ebfn m\u00e3i - CarShare Vermont\",\"isPartOf\":{\"@id\":\"https:\/\/www.carsharevt.org\/#website\"},\"datePublished\":\"2023-01-13T20:20:19+00:00\",\"dateModified\":\"2025-03-10T21:05:56+00:00\",\"description\":\"\u01afu \u0111\u00e3i v\u00e0 c\u01a1 h\u1ed9i \u0111\u1eb7c bi\u1ec7t cho c\u00e1c th\u00e0nh vi\u00ean m\u1edbi c\u1ee7a CarShare Vermont. Ti\u1ebft ki\u1ec7m ti\u1ec1n v\u00e0 b\u1eaft \u0111\u1ea7u chia s\u1ebb xe ngay h\u00f4m nay.\",\"breadcrumb\":{\"@id\":\"https:\/\/www.carsharevt.org\/vi\/khuyen-mai\/#breadcrumb\"},\"inLanguage\":\"vi-VN\",\"potentialAction\":[{\"@type\":\"ReadAction\",\"target\":[\"https:\/\/www.carsharevt.org\/vi\/khuyen-mai\/\"]}]},{\"@type\":\"BreadcrumbList\",\"@id\":\"https:\/\/www.carsharevt.org\/vi\/khuyen-mai\/#breadcrumb\",\"itemListElement\":[{\"@type\":\"ListItem\",\"position\":1,\"name\":\"Home\",\"item\":\"https:\/\/www.carsharevt.org\/vi\/nha\/\"},{\"@type\":\"ListItem\",\"position\":2,\"name\":\"Khuy\u1ebfn m\u00e3i\"}]},{\"@type\":\"WebSite\",\"@id\":\"https:\/\/www.carsharevt.org\/#website\",\"url\":\"https:\/\/www.carsharevt.org\/\",\"name\":\"CarShare Vermont\",\"description\":\"Change the way you get around!\",\"publisher\":{\"@id\":\"https:\/\/www.carsharevt.org\/#organization\"},\"alternateName\":\"CarShare VT\",\"potentialAction\":[{\"@type\":\"SearchAction\",\"target\":{\"@type\":\"EntryPoint\",\"urlTemplate\":\"https:\/\/www.carsharevt.org\/?s={search_term_string}\"},\"query-input\":{\"@type\":\"PropertyValueSpecification\",\"valueRequired\":true,\"valueName\":\"search_term_string\"}}],\"inLanguage\":\"vi-VN\"},{\"@type\":\"Organization\",\"@id\":\"https:\/\/www.carsharevt.org\/#organization\",\"name\":\"CarShare Vermont\",\"alternateName\":\"CarShare VT\",\"url\":\"https:\/\/www.carsharevt.org\/\",\"logo\":{\"@type\":\"ImageObject\",\"inLanguage\":\"vi-VN\",\"@id\":\"https:\/\/www.carsharevt.org\/#\/schema\/logo\/image\/\",\"url\":\"https:\/\/www.carsharevt.org\/wp-content\/uploads\/2023\/01\/carshare-logo.png\",\"contentUrl\":\"https:\/\/www.carsharevt.org\/wp-content\/uploads\/2023\/01\/carshare-logo.png\",\"width\":640,\"height\":100,\"caption\":\"CarShare Vermont\"},\"image\":{\"@id\":\"https:\/\/www.carsharevt.org\/#\/schema\/logo\/image\/\"},\"sameAs\":[\"http:\/\/facebook.com\/carsharevermont\",\"https:\/\/x.com\/carsharevermont\",\"https:\/\/www.instagram.com\/carsharevermont\/\"]}]}<\/script>\n<!-- \/ Yoast SEO plugin. -->","yoast_head_json":{"title":"Khuy\u1ebfn m\u00e3i - CarShare Vermont","description":"\u01afu \u0111\u00e3i v\u00e0 c\u01a1 h\u1ed9i \u0111\u1eb7c bi\u1ec7t cho c\u00e1c th\u00e0nh vi\u00ean m\u1edbi c\u1ee7a CarShare Vermont. Ti\u1ebft ki\u1ec7m ti\u1ec1n v\u00e0 b\u1eaft \u0111\u1ea7u chia s\u1ebb xe ngay h\u00f4m nay.","robots":{"index":"index","follow":"follow","max-snippet":"max-snippet:-1","max-image-preview":"max-image-preview:large","max-video-preview":"max-video-preview:-1"},"canonical":"https:\/\/www.carsharevt.org\/vi\/khuyen-mai\/","og_locale":"vi_VN","og_type":"article","og_title":"Khuy\u1ebfn m\u00e3i - CarShare Vermont","og_description":"\u01afu \u0111\u00e3i v\u00e0 c\u01a1 h\u1ed9i \u0111\u1eb7c bi\u1ec7t cho c\u00e1c th\u00e0nh vi\u00ean m\u1edbi c\u1ee7a CarShare Vermont. Ti\u1ebft ki\u1ec7m ti\u1ec1n v\u00e0 b\u1eaft \u0111\u1ea7u chia s\u1ebb xe ngay h\u00f4m nay.","og_url":"https:\/\/www.carsharevt.org\/vi\/khuyen-mai\/","og_site_name":"CarShare Vermont","article_publisher":"http:\/\/facebook.com\/carsharevermont","article_modified_time":"2025-03-10T21:05:56+00:00","twitter_card":"summary_large_image","twitter_site":"@carsharevermont","schema":{"@context":"https:\/\/schema.org","@graph":[{"@type":"WebPage","@id":"https:\/\/www.carsharevt.org\/vi\/khuyen-mai\/","url":"https:\/\/www.carsharevt.org\/vi\/khuyen-mai\/","name":"Khuy\u1ebfn m\u00e3i - CarShare Vermont","isPartOf":{"@id":"https:\/\/www.carsharevt.org\/#website"},"datePublished":"2023-01-13T20:20:19+00:00","dateModified":"2025-03-10T21:05:56+00:00","description":"\u01afu \u0111\u00e3i v\u00e0 c\u01a1 h\u1ed9i \u0111\u1eb7c bi\u1ec7t cho c\u00e1c th\u00e0nh vi\u00ean m\u1edbi c\u1ee7a CarShare Vermont. Ti\u1ebft ki\u1ec7m ti\u1ec1n v\u00e0 b\u1eaft \u0111\u1ea7u chia s\u1ebb xe ngay h\u00f4m nay.","breadcrumb":{"@id":"https:\/\/www.carsharevt.org\/vi\/khuyen-mai\/#breadcrumb"},"inLanguage":"vi-VN","potentialAction":[{"@type":"ReadAction","target":["https:\/\/www.carsharevt.org\/vi\/khuyen-mai\/"]}]},{"@type":"BreadcrumbList","@id":"https:\/\/www.carsharevt.org\/vi\/khuyen-mai\/#breadcrumb","itemListElement":[{"@type":"ListItem","position":1,"name":"Home","item":"https:\/\/www.carsharevt.org\/vi\/nha\/"},{"@type":"ListItem","position":2,"name":"Khuy\u1ebfn m\u00e3i"}]},{"@type":"WebSite","@id":"https:\/\/www.carsharevt.org\/#website","url":"https:\/\/www.carsharevt.org\/","name":"CarShare Vermont","description":"Change the way you get around!","publisher":{"@id":"https:\/\/www.carsharevt.org\/#organization"},"alternateName":"CarShare VT","potentialAction":[{"@type":"SearchAction","target":{"@type":"EntryPoint","urlTemplate":"https:\/\/www.carsharevt.org\/?s={search_term_string}"},"query-input":{"@type":"PropertyValueSpecification","valueRequired":true,"valueName":"search_term_string"}}],"inLanguage":"vi-VN"},{"@type":"Organization","@id":"https:\/\/www.carsharevt.org\/#organization","name":"CarShare Vermont","alternateName":"CarShare VT","url":"https:\/\/www.carsharevt.org\/","logo":{"@type":"ImageObject","inLanguage":"vi-VN","@id":"https:\/\/www.carsharevt.org\/#\/schema\/logo\/image\/","url":"https:\/\/www.carsharevt.org\/wp-content\/uploads\/2023\/01\/carshare-logo.png","contentUrl":"https:\/\/www.carsharevt.org\/wp-content\/uploads\/2023\/01\/carshare-logo.png","width":640,"height":100,"caption":"CarShare Vermont"},"image":{"@id":"https:\/\/www.carsharevt.org\/#\/schema\/logo\/image\/"},"sameAs":["http:\/\/facebook.com\/carsharevermont","https:\/\/x.com\/carsharevermont","https:\/\/www.instagram.com\/carsharevermont\/"]}]}},"_links":{"self":[{"href":"https:\/\/www.carsharevt.org\/vi\/wp-json\/wp\/v2\/pages\/1907","targetHints":{"allow":["GET"]}}],"collection":[{"href":"https:\/\/www.carsharevt.org\/vi\/wp-json\/wp\/v2\/pages"}],"about":[{"href":"https:\/\/www.carsharevt.org\/vi\/wp-json\/wp\/v2\/types\/page"}],"author":[{"embeddable":true,"href":"https:\/\/www.carsharevt.org\/vi\/wp-json\/wp\/v2\/users\/4"}],"replies":[{"embeddable":true,"href":"https:\/\/www.carsharevt.org\/vi\/wp-json\/wp\/v2\/comments?post=1907"}],"version-history":[{"count":0,"href":"https:\/\/www.carsharevt.org\/vi\/wp-json\/wp\/v2\/pages\/1907\/revisions"}],"wp:attachment":[{"href":"https:\/\/www.carsharevt.org\/vi\/wp-json\/wp\/v2\/media?parent=1907"}],"curies":[{"name":"wp","href":"https:\/\/api.w.org\/{rel}","templated":true}]}}