{"id":1905,"date":"2023-05-08T13:52:27","date_gmt":"2023-05-08T17:52:27","guid":{"rendered":"https:\/\/www.carsharevt.org\/tham\/"},"modified":"2024-08-12T11:33:18","modified_gmt":"2024-08-12T16:33:18","slug":"tham","status":"publish","type":"page","link":"https:\/\/www.carsharevt.org\/vi\/tham\/","title":{"rendered":"Th\u0103m"},"content":{"rendered":"","protected":false},"excerpt":{"rendered":"","protected":false},"author":4,"featured_media":0,"parent":0,"menu_order":0,"comment_status":"closed","ping_status":"closed","template":"","meta":{"_acf_changed":false,"inline_featured_image":false,"footnotes":""},"class_list":["post-1905","page","type-page","status-publish","hentry"],"acf":[],"yoast_head":"<!-- This site is optimized with the Yoast SEO plugin v26.8 - https:\/\/yoast.com\/product\/yoast-seo-wordpress\/ -->\n<title>Th\u0103m - CarShare Vermont<\/title>\n<meta name=\"description\" content=\"\u0110\u1ebfn th\u0103m Burlington? B\u1ecf qua vi\u1ec7c thu\u00ea xe \u0111\u1eaft ti\u1ec1n v\u00e0 chia s\u1ebb v\u1edbi ch\u00fang t\u00f4i thay th\u1ebf! \u0110\u1eb7t tr\u01b0\u1edbc chi\u1ebfc xe b\u1ea1n ch\u1ecdn b\u1eb1ng \u1ee9ng d\u1ee5ng di \u0111\u1ed9ng mi\u1ec5n ph\u00ed, m\u1edf kh\u00f3a v\u00e0 l\u00e1i xe c\u1ee7a ch\u00fang t\u00f4i.\" \/>\n<meta name=\"robots\" content=\"index, follow, max-snippet:-1, max-image-preview:large, max-video-preview:-1\" \/>\n<link rel=\"canonical\" href=\"https:\/\/www.carsharevt.org\/vi\/tham\/\" \/>\n<meta property=\"og:locale\" content=\"vi_VN\" \/>\n<meta property=\"og:type\" content=\"article\" \/>\n<meta property=\"og:title\" content=\"Th\u0103m - CarShare Vermont\" \/>\n<meta property=\"og:description\" content=\"\u0110\u1ebfn th\u0103m Burlington? B\u1ecf qua vi\u1ec7c thu\u00ea xe \u0111\u1eaft ti\u1ec1n v\u00e0 chia s\u1ebb v\u1edbi ch\u00fang t\u00f4i thay th\u1ebf! \u0110\u1eb7t tr\u01b0\u1edbc chi\u1ebfc xe b\u1ea1n ch\u1ecdn b\u1eb1ng \u1ee9ng d\u1ee5ng di \u0111\u1ed9ng mi\u1ec5n ph\u00ed, m\u1edf kh\u00f3a v\u00e0 l\u00e1i xe c\u1ee7a ch\u00fang t\u00f4i.\" \/>\n<meta property=\"og:url\" content=\"https:\/\/www.carsharevt.org\/vi\/tham\/\" \/>\n<meta property=\"og:site_name\" content=\"CarShare Vermont\" \/>\n<meta property=\"article:publisher\" content=\"http:\/\/facebook.com\/carsharevermont\" \/>\n<meta property=\"article:modified_time\" content=\"2024-08-12T16:33:18+00:00\" \/>\n<meta name=\"twitter:card\" content=\"summary_large_image\" \/>\n<meta name=\"twitter:site\" content=\"@carsharevermont\" \/>\n<script type=\"application\/ld+json\" class=\"yoast-schema-graph\">{\"@context\":\"https:\/\/schema.org\",\"@graph\":[{\"@type\":\"WebPage\",\"@id\":\"https:\/\/www.carsharevt.org\/vi\/tham\/\",\"url\":\"https:\/\/www.carsharevt.org\/vi\/tham\/\",\"name\":\"Th\u0103m - CarShare Vermont\",\"isPartOf\":{\"@id\":\"https:\/\/www.carsharevt.org\/#website\"},\"datePublished\":\"2023-05-08T17:52:27+00:00\",\"dateModified\":\"2024-08-12T16:33:18+00:00\",\"description\":\"\u0110\u1ebfn th\u0103m Burlington? B\u1ecf qua vi\u1ec7c thu\u00ea xe \u0111\u1eaft ti\u1ec1n v\u00e0 chia s\u1ebb v\u1edbi ch\u00fang t\u00f4i thay th\u1ebf! \u0110\u1eb7t tr\u01b0\u1edbc chi\u1ebfc xe b\u1ea1n ch\u1ecdn b\u1eb1ng \u1ee9ng d\u1ee5ng di \u0111\u1ed9ng mi\u1ec5n ph\u00ed, m\u1edf kh\u00f3a v\u00e0 l\u00e1i xe c\u1ee7a ch\u00fang t\u00f4i.\",\"breadcrumb\":{\"@id\":\"https:\/\/www.carsharevt.org\/vi\/tham\/#breadcrumb\"},\"inLanguage\":\"vi-VN\",\"potentialAction\":[{\"@type\":\"ReadAction\",\"target\":[\"https:\/\/www.carsharevt.org\/vi\/tham\/\"]}]},{\"@type\":\"BreadcrumbList\",\"@id\":\"https:\/\/www.carsharevt.org\/vi\/tham\/#breadcrumb\",\"itemListElement\":[{\"@type\":\"ListItem\",\"position\":1,\"name\":\"Home\",\"item\":\"https:\/\/www.carsharevt.org\/vi\/nha\/\"},{\"@type\":\"ListItem\",\"position\":2,\"name\":\"Th\u0103m\"}]},{\"@type\":\"WebSite\",\"@id\":\"https:\/\/www.carsharevt.org\/#website\",\"url\":\"https:\/\/www.carsharevt.org\/\",\"name\":\"CarShare Vermont\",\"description\":\"Change the way you get around!\",\"publisher\":{\"@id\":\"https:\/\/www.carsharevt.org\/#organization\"},\"alternateName\":\"CarShare VT\",\"potentialAction\":[{\"@type\":\"SearchAction\",\"target\":{\"@type\":\"EntryPoint\",\"urlTemplate\":\"https:\/\/www.carsharevt.org\/?s={search_term_string}\"},\"query-input\":{\"@type\":\"PropertyValueSpecification\",\"valueRequired\":true,\"valueName\":\"search_term_string\"}}],\"inLanguage\":\"vi-VN\"},{\"@type\":\"Organization\",\"@id\":\"https:\/\/www.carsharevt.org\/#organization\",\"name\":\"CarShare Vermont\",\"alternateName\":\"CarShare VT\",\"url\":\"https:\/\/www.carsharevt.org\/\",\"logo\":{\"@type\":\"ImageObject\",\"inLanguage\":\"vi-VN\",\"@id\":\"https:\/\/www.carsharevt.org\/#\/schema\/logo\/image\/\",\"url\":\"https:\/\/www.carsharevt.org\/wp-content\/uploads\/2023\/01\/carshare-logo.png\",\"contentUrl\":\"https:\/\/www.carsharevt.org\/wp-content\/uploads\/2023\/01\/carshare-logo.png\",\"width\":640,\"height\":100,\"caption\":\"CarShare Vermont\"},\"image\":{\"@id\":\"https:\/\/www.carsharevt.org\/#\/schema\/logo\/image\/\"},\"sameAs\":[\"http:\/\/facebook.com\/carsharevermont\",\"https:\/\/x.com\/carsharevermont\",\"https:\/\/www.instagram.com\/carsharevermont\/\"]}]}<\/script>\n<!-- \/ Yoast SEO plugin. -->","yoast_head_json":{"title":"Th\u0103m - CarShare Vermont","description":"\u0110\u1ebfn th\u0103m Burlington? B\u1ecf qua vi\u1ec7c thu\u00ea xe \u0111\u1eaft ti\u1ec1n v\u00e0 chia s\u1ebb v\u1edbi ch\u00fang t\u00f4i thay th\u1ebf! \u0110\u1eb7t tr\u01b0\u1edbc chi\u1ebfc xe b\u1ea1n ch\u1ecdn b\u1eb1ng \u1ee9ng d\u1ee5ng di \u0111\u1ed9ng mi\u1ec5n ph\u00ed, m\u1edf kh\u00f3a v\u00e0 l\u00e1i xe c\u1ee7a ch\u00fang t\u00f4i.","robots":{"index":"index","follow":"follow","max-snippet":"max-snippet:-1","max-image-preview":"max-image-preview:large","max-video-preview":"max-video-preview:-1"},"canonical":"https:\/\/www.carsharevt.org\/vi\/tham\/","og_locale":"vi_VN","og_type":"article","og_title":"Th\u0103m - CarShare Vermont","og_description":"\u0110\u1ebfn th\u0103m Burlington? B\u1ecf qua vi\u1ec7c thu\u00ea xe \u0111\u1eaft ti\u1ec1n v\u00e0 chia s\u1ebb v\u1edbi ch\u00fang t\u00f4i thay th\u1ebf! \u0110\u1eb7t tr\u01b0\u1edbc chi\u1ebfc xe b\u1ea1n ch\u1ecdn b\u1eb1ng \u1ee9ng d\u1ee5ng di \u0111\u1ed9ng mi\u1ec5n ph\u00ed, m\u1edf kh\u00f3a v\u00e0 l\u00e1i xe c\u1ee7a ch\u00fang t\u00f4i.","og_url":"https:\/\/www.carsharevt.org\/vi\/tham\/","og_site_name":"CarShare Vermont","article_publisher":"http:\/\/facebook.com\/carsharevermont","article_modified_time":"2024-08-12T16:33:18+00:00","twitter_card":"summary_large_image","twitter_site":"@carsharevermont","schema":{"@context":"https:\/\/schema.org","@graph":[{"@type":"WebPage","@id":"https:\/\/www.carsharevt.org\/vi\/tham\/","url":"https:\/\/www.carsharevt.org\/vi\/tham\/","name":"Th\u0103m - CarShare Vermont","isPartOf":{"@id":"https:\/\/www.carsharevt.org\/#website"},"datePublished":"2023-05-08T17:52:27+00:00","dateModified":"2024-08-12T16:33:18+00:00","description":"\u0110\u1ebfn th\u0103m Burlington? B\u1ecf qua vi\u1ec7c thu\u00ea xe \u0111\u1eaft ti\u1ec1n v\u00e0 chia s\u1ebb v\u1edbi ch\u00fang t\u00f4i thay th\u1ebf! \u0110\u1eb7t tr\u01b0\u1edbc chi\u1ebfc xe b\u1ea1n ch\u1ecdn b\u1eb1ng \u1ee9ng d\u1ee5ng di \u0111\u1ed9ng mi\u1ec5n ph\u00ed, m\u1edf kh\u00f3a v\u00e0 l\u00e1i xe c\u1ee7a ch\u00fang t\u00f4i.","breadcrumb":{"@id":"https:\/\/www.carsharevt.org\/vi\/tham\/#breadcrumb"},"inLanguage":"vi-VN","potentialAction":[{"@type":"ReadAction","target":["https:\/\/www.carsharevt.org\/vi\/tham\/"]}]},{"@type":"BreadcrumbList","@id":"https:\/\/www.carsharevt.org\/vi\/tham\/#breadcrumb","itemListElement":[{"@type":"ListItem","position":1,"name":"Home","item":"https:\/\/www.carsharevt.org\/vi\/nha\/"},{"@type":"ListItem","position":2,"name":"Th\u0103m"}]},{"@type":"WebSite","@id":"https:\/\/www.carsharevt.org\/#website","url":"https:\/\/www.carsharevt.org\/","name":"CarShare Vermont","description":"Change the way you get around!","publisher":{"@id":"https:\/\/www.carsharevt.org\/#organization"},"alternateName":"CarShare VT","potentialAction":[{"@type":"SearchAction","target":{"@type":"EntryPoint","urlTemplate":"https:\/\/www.carsharevt.org\/?s={search_term_string}"},"query-input":{"@type":"PropertyValueSpecification","valueRequired":true,"valueName":"search_term_string"}}],"inLanguage":"vi-VN"},{"@type":"Organization","@id":"https:\/\/www.carsharevt.org\/#organization","name":"CarShare Vermont","alternateName":"CarShare VT","url":"https:\/\/www.carsharevt.org\/","logo":{"@type":"ImageObject","inLanguage":"vi-VN","@id":"https:\/\/www.carsharevt.org\/#\/schema\/logo\/image\/","url":"https:\/\/www.carsharevt.org\/wp-content\/uploads\/2023\/01\/carshare-logo.png","contentUrl":"https:\/\/www.carsharevt.org\/wp-content\/uploads\/2023\/01\/carshare-logo.png","width":640,"height":100,"caption":"CarShare Vermont"},"image":{"@id":"https:\/\/www.carsharevt.org\/#\/schema\/logo\/image\/"},"sameAs":["http:\/\/facebook.com\/carsharevermont","https:\/\/x.com\/carsharevermont","https:\/\/www.instagram.com\/carsharevermont\/"]}]}},"_links":{"self":[{"href":"https:\/\/www.carsharevt.org\/vi\/wp-json\/wp\/v2\/pages\/1905","targetHints":{"allow":["GET"]}}],"collection":[{"href":"https:\/\/www.carsharevt.org\/vi\/wp-json\/wp\/v2\/pages"}],"about":[{"href":"https:\/\/www.carsharevt.org\/vi\/wp-json\/wp\/v2\/types\/page"}],"author":[{"embeddable":true,"href":"https:\/\/www.carsharevt.org\/vi\/wp-json\/wp\/v2\/users\/4"}],"replies":[{"embeddable":true,"href":"https:\/\/www.carsharevt.org\/vi\/wp-json\/wp\/v2\/comments?post=1905"}],"version-history":[{"count":0,"href":"https:\/\/www.carsharevt.org\/vi\/wp-json\/wp\/v2\/pages\/1905\/revisions"}],"wp:attachment":[{"href":"https:\/\/www.carsharevt.org\/vi\/wp-json\/wp\/v2\/media?parent=1905"}],"curies":[{"name":"wp","href":"https:\/\/api.w.org\/{rel}","templated":true}]}}