{"id":1874,"date":"2023-01-20T10:36:23","date_gmt":"2023-01-20T15:36:23","guid":{"rendered":"https:\/\/www.carsharevt.org\/luu-tru-mot-nhom\/"},"modified":"2023-01-20T10:36:23","modified_gmt":"2023-01-20T15:36:23","slug":"luu-tru-mot-nhom","status":"publish","type":"page","link":"https:\/\/www.carsharevt.org\/vi\/luu-tru-mot-nhom\/","title":{"rendered":"L\u01b0u tr\u1eef m\u1ed9t nh\u00f3m"},"content":{"rendered":"","protected":false},"excerpt":{"rendered":"","protected":false},"author":4,"featured_media":0,"parent":0,"menu_order":0,"comment_status":"closed","ping_status":"closed","template":"","meta":{"_acf_changed":false,"inline_featured_image":false,"footnotes":""},"class_list":["post-1874","page","type-page","status-publish","hentry"],"acf":[],"yoast_head":"<!-- This site is optimized with the Yoast SEO plugin v26.8 - https:\/\/yoast.com\/product\/yoast-seo-wordpress\/ -->\n<title>L\u01b0u tr\u1eef m\u1ed9t nh\u00f3m - CarShare Vermont<\/title>\n<meta name=\"description\" content=\"Ch\u00fang t\u00f4i h\u1ee3p t\u00e1c v\u1edbi c\u00e1c nh\u00e0 ph\u00e1t tri\u1ec3n \u0111\u1ecba ph\u01b0\u01a1ng v\u00e0 qu\u1ea3n l\u00fd t\u00e0i s\u1ea3n \u0111\u1ec3 gi\u1ea3m nhu c\u1ea7u \u0111\u1ed7 xe v\u00e0 c\u1ea3i thi\u1ec7n kh\u1ea3 n\u0103ng di chuy\u1ec3n t\u1ea1i t\u00e0i s\u1ea3n c\u1ee7a h\u1ecd.\" \/>\n<meta name=\"robots\" content=\"index, follow, max-snippet:-1, max-image-preview:large, max-video-preview:-1\" \/>\n<link rel=\"canonical\" href=\"https:\/\/www.carsharevt.org\/vi\/luu-tru-mot-nhom\/\" \/>\n<meta property=\"og:locale\" content=\"vi_VN\" \/>\n<meta property=\"og:type\" content=\"article\" \/>\n<meta property=\"og:title\" content=\"L\u01b0u tr\u1eef m\u1ed9t nh\u00f3m - CarShare Vermont\" \/>\n<meta property=\"og:description\" content=\"Ch\u00fang t\u00f4i h\u1ee3p t\u00e1c v\u1edbi c\u00e1c nh\u00e0 ph\u00e1t tri\u1ec3n \u0111\u1ecba ph\u01b0\u01a1ng v\u00e0 qu\u1ea3n l\u00fd t\u00e0i s\u1ea3n \u0111\u1ec3 gi\u1ea3m nhu c\u1ea7u \u0111\u1ed7 xe v\u00e0 c\u1ea3i thi\u1ec7n kh\u1ea3 n\u0103ng di chuy\u1ec3n t\u1ea1i t\u00e0i s\u1ea3n c\u1ee7a h\u1ecd.\" \/>\n<meta property=\"og:url\" content=\"https:\/\/www.carsharevt.org\/vi\/luu-tru-mot-nhom\/\" \/>\n<meta property=\"og:site_name\" content=\"CarShare Vermont\" \/>\n<meta property=\"article:publisher\" content=\"http:\/\/facebook.com\/carsharevermont\" \/>\n<meta name=\"twitter:card\" content=\"summary_large_image\" \/>\n<meta name=\"twitter:site\" content=\"@carsharevermont\" \/>\n<script type=\"application\/ld+json\" class=\"yoast-schema-graph\">{\"@context\":\"https:\/\/schema.org\",\"@graph\":[{\"@type\":\"WebPage\",\"@id\":\"https:\/\/www.carsharevt.org\/vi\/luu-tru-mot-nhom\/\",\"url\":\"https:\/\/www.carsharevt.org\/vi\/luu-tru-mot-nhom\/\",\"name\":\"L\u01b0u tr\u1eef m\u1ed9t nh\u00f3m - CarShare Vermont\",\"isPartOf\":{\"@id\":\"https:\/\/www.carsharevt.org\/#website\"},\"datePublished\":\"2023-01-20T15:36:23+00:00\",\"description\":\"Ch\u00fang t\u00f4i h\u1ee3p t\u00e1c v\u1edbi c\u00e1c nh\u00e0 ph\u00e1t tri\u1ec3n \u0111\u1ecba ph\u01b0\u01a1ng v\u00e0 qu\u1ea3n l\u00fd t\u00e0i s\u1ea3n \u0111\u1ec3 gi\u1ea3m nhu c\u1ea7u \u0111\u1ed7 xe v\u00e0 c\u1ea3i thi\u1ec7n kh\u1ea3 n\u0103ng di chuy\u1ec3n t\u1ea1i t\u00e0i s\u1ea3n c\u1ee7a h\u1ecd.\",\"breadcrumb\":{\"@id\":\"https:\/\/www.carsharevt.org\/vi\/luu-tru-mot-nhom\/#breadcrumb\"},\"inLanguage\":\"vi-VN\",\"potentialAction\":[{\"@type\":\"ReadAction\",\"target\":[\"https:\/\/www.carsharevt.org\/vi\/luu-tru-mot-nhom\/\"]}]},{\"@type\":\"BreadcrumbList\",\"@id\":\"https:\/\/www.carsharevt.org\/vi\/luu-tru-mot-nhom\/#breadcrumb\",\"itemListElement\":[{\"@type\":\"ListItem\",\"position\":1,\"name\":\"Home\",\"item\":\"https:\/\/www.carsharevt.org\/vi\/nha\/\"},{\"@type\":\"ListItem\",\"position\":2,\"name\":\"L\u01b0u tr\u1eef m\u1ed9t nh\u00f3m\"}]},{\"@type\":\"WebSite\",\"@id\":\"https:\/\/www.carsharevt.org\/#website\",\"url\":\"https:\/\/www.carsharevt.org\/\",\"name\":\"CarShare Vermont\",\"description\":\"Change the way you get around!\",\"publisher\":{\"@id\":\"https:\/\/www.carsharevt.org\/#organization\"},\"alternateName\":\"CarShare VT\",\"potentialAction\":[{\"@type\":\"SearchAction\",\"target\":{\"@type\":\"EntryPoint\",\"urlTemplate\":\"https:\/\/www.carsharevt.org\/?s={search_term_string}\"},\"query-input\":{\"@type\":\"PropertyValueSpecification\",\"valueRequired\":true,\"valueName\":\"search_term_string\"}}],\"inLanguage\":\"vi-VN\"},{\"@type\":\"Organization\",\"@id\":\"https:\/\/www.carsharevt.org\/#organization\",\"name\":\"CarShare Vermont\",\"alternateName\":\"CarShare VT\",\"url\":\"https:\/\/www.carsharevt.org\/\",\"logo\":{\"@type\":\"ImageObject\",\"inLanguage\":\"vi-VN\",\"@id\":\"https:\/\/www.carsharevt.org\/#\/schema\/logo\/image\/\",\"url\":\"https:\/\/www.carsharevt.org\/wp-content\/uploads\/2023\/01\/carshare-logo.png\",\"contentUrl\":\"https:\/\/www.carsharevt.org\/wp-content\/uploads\/2023\/01\/carshare-logo.png\",\"width\":640,\"height\":100,\"caption\":\"CarShare Vermont\"},\"image\":{\"@id\":\"https:\/\/www.carsharevt.org\/#\/schema\/logo\/image\/\"},\"sameAs\":[\"http:\/\/facebook.com\/carsharevermont\",\"https:\/\/x.com\/carsharevermont\",\"https:\/\/www.instagram.com\/carsharevermont\/\"]}]}<\/script>\n<!-- \/ Yoast SEO plugin. -->","yoast_head_json":{"title":"L\u01b0u tr\u1eef m\u1ed9t nh\u00f3m - CarShare Vermont","description":"Ch\u00fang t\u00f4i h\u1ee3p t\u00e1c v\u1edbi c\u00e1c nh\u00e0 ph\u00e1t tri\u1ec3n \u0111\u1ecba ph\u01b0\u01a1ng v\u00e0 qu\u1ea3n l\u00fd t\u00e0i s\u1ea3n \u0111\u1ec3 gi\u1ea3m nhu c\u1ea7u \u0111\u1ed7 xe v\u00e0 c\u1ea3i thi\u1ec7n kh\u1ea3 n\u0103ng di chuy\u1ec3n t\u1ea1i t\u00e0i s\u1ea3n c\u1ee7a h\u1ecd.","robots":{"index":"index","follow":"follow","max-snippet":"max-snippet:-1","max-image-preview":"max-image-preview:large","max-video-preview":"max-video-preview:-1"},"canonical":"https:\/\/www.carsharevt.org\/vi\/luu-tru-mot-nhom\/","og_locale":"vi_VN","og_type":"article","og_title":"L\u01b0u tr\u1eef m\u1ed9t nh\u00f3m - CarShare Vermont","og_description":"Ch\u00fang t\u00f4i h\u1ee3p t\u00e1c v\u1edbi c\u00e1c nh\u00e0 ph\u00e1t tri\u1ec3n \u0111\u1ecba ph\u01b0\u01a1ng v\u00e0 qu\u1ea3n l\u00fd t\u00e0i s\u1ea3n \u0111\u1ec3 gi\u1ea3m nhu c\u1ea7u \u0111\u1ed7 xe v\u00e0 c\u1ea3i thi\u1ec7n kh\u1ea3 n\u0103ng di chuy\u1ec3n t\u1ea1i t\u00e0i s\u1ea3n c\u1ee7a h\u1ecd.","og_url":"https:\/\/www.carsharevt.org\/vi\/luu-tru-mot-nhom\/","og_site_name":"CarShare Vermont","article_publisher":"http:\/\/facebook.com\/carsharevermont","twitter_card":"summary_large_image","twitter_site":"@carsharevermont","schema":{"@context":"https:\/\/schema.org","@graph":[{"@type":"WebPage","@id":"https:\/\/www.carsharevt.org\/vi\/luu-tru-mot-nhom\/","url":"https:\/\/www.carsharevt.org\/vi\/luu-tru-mot-nhom\/","name":"L\u01b0u tr\u1eef m\u1ed9t nh\u00f3m - CarShare Vermont","isPartOf":{"@id":"https:\/\/www.carsharevt.org\/#website"},"datePublished":"2023-01-20T15:36:23+00:00","description":"Ch\u00fang t\u00f4i h\u1ee3p t\u00e1c v\u1edbi c\u00e1c nh\u00e0 ph\u00e1t tri\u1ec3n \u0111\u1ecba ph\u01b0\u01a1ng v\u00e0 qu\u1ea3n l\u00fd t\u00e0i s\u1ea3n \u0111\u1ec3 gi\u1ea3m nhu c\u1ea7u \u0111\u1ed7 xe v\u00e0 c\u1ea3i thi\u1ec7n kh\u1ea3 n\u0103ng di chuy\u1ec3n t\u1ea1i t\u00e0i s\u1ea3n c\u1ee7a h\u1ecd.","breadcrumb":{"@id":"https:\/\/www.carsharevt.org\/vi\/luu-tru-mot-nhom\/#breadcrumb"},"inLanguage":"vi-VN","potentialAction":[{"@type":"ReadAction","target":["https:\/\/www.carsharevt.org\/vi\/luu-tru-mot-nhom\/"]}]},{"@type":"BreadcrumbList","@id":"https:\/\/www.carsharevt.org\/vi\/luu-tru-mot-nhom\/#breadcrumb","itemListElement":[{"@type":"ListItem","position":1,"name":"Home","item":"https:\/\/www.carsharevt.org\/vi\/nha\/"},{"@type":"ListItem","position":2,"name":"L\u01b0u tr\u1eef m\u1ed9t nh\u00f3m"}]},{"@type":"WebSite","@id":"https:\/\/www.carsharevt.org\/#website","url":"https:\/\/www.carsharevt.org\/","name":"CarShare Vermont","description":"Change the way you get around!","publisher":{"@id":"https:\/\/www.carsharevt.org\/#organization"},"alternateName":"CarShare VT","potentialAction":[{"@type":"SearchAction","target":{"@type":"EntryPoint","urlTemplate":"https:\/\/www.carsharevt.org\/?s={search_term_string}"},"query-input":{"@type":"PropertyValueSpecification","valueRequired":true,"valueName":"search_term_string"}}],"inLanguage":"vi-VN"},{"@type":"Organization","@id":"https:\/\/www.carsharevt.org\/#organization","name":"CarShare Vermont","alternateName":"CarShare VT","url":"https:\/\/www.carsharevt.org\/","logo":{"@type":"ImageObject","inLanguage":"vi-VN","@id":"https:\/\/www.carsharevt.org\/#\/schema\/logo\/image\/","url":"https:\/\/www.carsharevt.org\/wp-content\/uploads\/2023\/01\/carshare-logo.png","contentUrl":"https:\/\/www.carsharevt.org\/wp-content\/uploads\/2023\/01\/carshare-logo.png","width":640,"height":100,"caption":"CarShare Vermont"},"image":{"@id":"https:\/\/www.carsharevt.org\/#\/schema\/logo\/image\/"},"sameAs":["http:\/\/facebook.com\/carsharevermont","https:\/\/x.com\/carsharevermont","https:\/\/www.instagram.com\/carsharevermont\/"]}]}},"_links":{"self":[{"href":"https:\/\/www.carsharevt.org\/vi\/wp-json\/wp\/v2\/pages\/1874","targetHints":{"allow":["GET"]}}],"collection":[{"href":"https:\/\/www.carsharevt.org\/vi\/wp-json\/wp\/v2\/pages"}],"about":[{"href":"https:\/\/www.carsharevt.org\/vi\/wp-json\/wp\/v2\/types\/page"}],"author":[{"embeddable":true,"href":"https:\/\/www.carsharevt.org\/vi\/wp-json\/wp\/v2\/users\/4"}],"replies":[{"embeddable":true,"href":"https:\/\/www.carsharevt.org\/vi\/wp-json\/wp\/v2\/comments?post=1874"}],"version-history":[{"count":0,"href":"https:\/\/www.carsharevt.org\/vi\/wp-json\/wp\/v2\/pages\/1874\/revisions"}],"wp:attachment":[{"href":"https:\/\/www.carsharevt.org\/vi\/wp-json\/wp\/v2\/media?parent=1874"}],"curies":[{"name":"wp","href":"https:\/\/api.w.org\/{rel}","templated":true}]}}