{"id":1767,"date":"2022-11-24T16:39:21","date_gmt":"2022-11-24T21:39:21","guid":{"rendered":"https:\/\/www.carsharevt.org\/o-to-dia-diem\/"},"modified":"2025-03-18T12:51:18","modified_gmt":"2025-03-18T17:51:18","slug":"o-to-dia-diem","status":"publish","type":"page","link":"https:\/\/www.carsharevt.org\/vi\/o-to-dia-diem\/","title":{"rendered":"\u00d4 t\u00f4 &amp;; \u0110\u1ecba \u0111i\u1ec3m"},"content":{"rendered":"","protected":false},"excerpt":{"rendered":"","protected":false},"author":2,"featured_media":0,"parent":0,"menu_order":2,"comment_status":"closed","ping_status":"closed","template":"","meta":{"_acf_changed":false,"inline_featured_image":false,"footnotes":""},"class_list":["post-1767","page","type-page","status-publish","hentry"],"acf":[],"yoast_head":"<!-- This site is optimized with the Yoast SEO plugin v26.8 - https:\/\/yoast.com\/product\/yoast-seo-wordpress\/ -->\n<title>\u00d4 t\u00f4 &amp;; \u0110\u1ecba \u0111i\u1ec3m - CarShare Vermont<\/title>\n<meta name=\"description\" content=\"CarShare Vermont c\u00f3 m\u1ed9t \u0111\u1ed9i xe \u1edf nh\u1eefng v\u1ecb tr\u00ed thu\u1eadn ti\u1ec7n xung quanh khu v\u1ef1c Burlington. T\u00ecm ph\u01b0\u01a1ng ti\u1ec7n ph\u00f9 h\u1ee3p cho c\u00f4ng vi\u1ec7c!\" \/>\n<meta name=\"robots\" content=\"index, follow, max-snippet:-1, max-image-preview:large, max-video-preview:-1\" \/>\n<link rel=\"canonical\" href=\"https:\/\/www.carsharevt.org\/vi\/o-to-dia-diem\/\" \/>\n<meta property=\"og:locale\" content=\"vi_VN\" \/>\n<meta property=\"og:type\" content=\"article\" \/>\n<meta property=\"og:title\" content=\"\u00d4 t\u00f4 &amp;; \u0110\u1ecba \u0111i\u1ec3m - CarShare Vermont\" \/>\n<meta property=\"og:description\" content=\"CarShare Vermont c\u00f3 m\u1ed9t \u0111\u1ed9i xe \u1edf nh\u1eefng v\u1ecb tr\u00ed thu\u1eadn ti\u1ec7n xung quanh khu v\u1ef1c Burlington. T\u00ecm ph\u01b0\u01a1ng ti\u1ec7n ph\u00f9 h\u1ee3p cho c\u00f4ng vi\u1ec7c!\" \/>\n<meta property=\"og:url\" content=\"https:\/\/www.carsharevt.org\/vi\/o-to-dia-diem\/\" \/>\n<meta property=\"og:site_name\" content=\"CarShare Vermont\" \/>\n<meta property=\"article:publisher\" content=\"http:\/\/facebook.com\/carsharevermont\" \/>\n<meta property=\"article:modified_time\" content=\"2025-03-18T17:51:18+00:00\" \/>\n<meta name=\"twitter:card\" content=\"summary_large_image\" \/>\n<meta name=\"twitter:site\" content=\"@carsharevermont\" \/>\n<script type=\"application\/ld+json\" class=\"yoast-schema-graph\">{\"@context\":\"https:\/\/schema.org\",\"@graph\":[{\"@type\":\"WebPage\",\"@id\":\"https:\/\/www.carsharevt.org\/vi\/o-to-dia-diem\/\",\"url\":\"https:\/\/www.carsharevt.org\/vi\/o-to-dia-diem\/\",\"name\":\"\u00d4 t\u00f4 &amp;; \u0110\u1ecba \u0111i\u1ec3m - CarShare Vermont\",\"isPartOf\":{\"@id\":\"https:\/\/www.carsharevt.org\/#website\"},\"datePublished\":\"2022-11-24T21:39:21+00:00\",\"dateModified\":\"2025-03-18T17:51:18+00:00\",\"description\":\"CarShare Vermont c\u00f3 m\u1ed9t \u0111\u1ed9i xe \u1edf nh\u1eefng v\u1ecb tr\u00ed thu\u1eadn ti\u1ec7n xung quanh khu v\u1ef1c Burlington. T\u00ecm ph\u01b0\u01a1ng ti\u1ec7n ph\u00f9 h\u1ee3p cho c\u00f4ng vi\u1ec7c!\",\"breadcrumb\":{\"@id\":\"https:\/\/www.carsharevt.org\/vi\/o-to-dia-diem\/#breadcrumb\"},\"inLanguage\":\"vi-VN\",\"potentialAction\":[{\"@type\":\"ReadAction\",\"target\":[\"https:\/\/www.carsharevt.org\/vi\/o-to-dia-diem\/\"]}]},{\"@type\":\"BreadcrumbList\",\"@id\":\"https:\/\/www.carsharevt.org\/vi\/o-to-dia-diem\/#breadcrumb\",\"itemListElement\":[{\"@type\":\"ListItem\",\"position\":1,\"name\":\"Home\",\"item\":\"https:\/\/www.carsharevt.org\/vi\/nha\/\"},{\"@type\":\"ListItem\",\"position\":2,\"name\":\"\u00d4 t\u00f4 &amp;; \u0110\u1ecba \u0111i\u1ec3m\"}]},{\"@type\":\"WebSite\",\"@id\":\"https:\/\/www.carsharevt.org\/#website\",\"url\":\"https:\/\/www.carsharevt.org\/\",\"name\":\"CarShare Vermont\",\"description\":\"Change the way you get around!\",\"publisher\":{\"@id\":\"https:\/\/www.carsharevt.org\/#organization\"},\"alternateName\":\"CarShare VT\",\"potentialAction\":[{\"@type\":\"SearchAction\",\"target\":{\"@type\":\"EntryPoint\",\"urlTemplate\":\"https:\/\/www.carsharevt.org\/?s={search_term_string}\"},\"query-input\":{\"@type\":\"PropertyValueSpecification\",\"valueRequired\":true,\"valueName\":\"search_term_string\"}}],\"inLanguage\":\"vi-VN\"},{\"@type\":\"Organization\",\"@id\":\"https:\/\/www.carsharevt.org\/#organization\",\"name\":\"CarShare Vermont\",\"alternateName\":\"CarShare VT\",\"url\":\"https:\/\/www.carsharevt.org\/\",\"logo\":{\"@type\":\"ImageObject\",\"inLanguage\":\"vi-VN\",\"@id\":\"https:\/\/www.carsharevt.org\/#\/schema\/logo\/image\/\",\"url\":\"https:\/\/www.carsharevt.org\/wp-content\/uploads\/2023\/01\/carshare-logo.png\",\"contentUrl\":\"https:\/\/www.carsharevt.org\/wp-content\/uploads\/2023\/01\/carshare-logo.png\",\"width\":640,\"height\":100,\"caption\":\"CarShare Vermont\"},\"image\":{\"@id\":\"https:\/\/www.carsharevt.org\/#\/schema\/logo\/image\/\"},\"sameAs\":[\"http:\/\/facebook.com\/carsharevermont\",\"https:\/\/x.com\/carsharevermont\",\"https:\/\/www.instagram.com\/carsharevermont\/\"]}]}<\/script>\n<!-- \/ Yoast SEO plugin. -->","yoast_head_json":{"title":"\u00d4 t\u00f4 &amp;; \u0110\u1ecba \u0111i\u1ec3m - CarShare Vermont","description":"CarShare Vermont c\u00f3 m\u1ed9t \u0111\u1ed9i xe \u1edf nh\u1eefng v\u1ecb tr\u00ed thu\u1eadn ti\u1ec7n xung quanh khu v\u1ef1c Burlington. T\u00ecm ph\u01b0\u01a1ng ti\u1ec7n ph\u00f9 h\u1ee3p cho c\u00f4ng vi\u1ec7c!","robots":{"index":"index","follow":"follow","max-snippet":"max-snippet:-1","max-image-preview":"max-image-preview:large","max-video-preview":"max-video-preview:-1"},"canonical":"https:\/\/www.carsharevt.org\/vi\/o-to-dia-diem\/","og_locale":"vi_VN","og_type":"article","og_title":"\u00d4 t\u00f4 &amp;; \u0110\u1ecba \u0111i\u1ec3m - CarShare Vermont","og_description":"CarShare Vermont c\u00f3 m\u1ed9t \u0111\u1ed9i xe \u1edf nh\u1eefng v\u1ecb tr\u00ed thu\u1eadn ti\u1ec7n xung quanh khu v\u1ef1c Burlington. T\u00ecm ph\u01b0\u01a1ng ti\u1ec7n ph\u00f9 h\u1ee3p cho c\u00f4ng vi\u1ec7c!","og_url":"https:\/\/www.carsharevt.org\/vi\/o-to-dia-diem\/","og_site_name":"CarShare Vermont","article_publisher":"http:\/\/facebook.com\/carsharevermont","article_modified_time":"2025-03-18T17:51:18+00:00","twitter_card":"summary_large_image","twitter_site":"@carsharevermont","schema":{"@context":"https:\/\/schema.org","@graph":[{"@type":"WebPage","@id":"https:\/\/www.carsharevt.org\/vi\/o-to-dia-diem\/","url":"https:\/\/www.carsharevt.org\/vi\/o-to-dia-diem\/","name":"\u00d4 t\u00f4 &amp;; \u0110\u1ecba \u0111i\u1ec3m - CarShare Vermont","isPartOf":{"@id":"https:\/\/www.carsharevt.org\/#website"},"datePublished":"2022-11-24T21:39:21+00:00","dateModified":"2025-03-18T17:51:18+00:00","description":"CarShare Vermont c\u00f3 m\u1ed9t \u0111\u1ed9i xe \u1edf nh\u1eefng v\u1ecb tr\u00ed thu\u1eadn ti\u1ec7n xung quanh khu v\u1ef1c Burlington. T\u00ecm ph\u01b0\u01a1ng ti\u1ec7n ph\u00f9 h\u1ee3p cho c\u00f4ng vi\u1ec7c!","breadcrumb":{"@id":"https:\/\/www.carsharevt.org\/vi\/o-to-dia-diem\/#breadcrumb"},"inLanguage":"vi-VN","potentialAction":[{"@type":"ReadAction","target":["https:\/\/www.carsharevt.org\/vi\/o-to-dia-diem\/"]}]},{"@type":"BreadcrumbList","@id":"https:\/\/www.carsharevt.org\/vi\/o-to-dia-diem\/#breadcrumb","itemListElement":[{"@type":"ListItem","position":1,"name":"Home","item":"https:\/\/www.carsharevt.org\/vi\/nha\/"},{"@type":"ListItem","position":2,"name":"\u00d4 t\u00f4 &amp;; \u0110\u1ecba \u0111i\u1ec3m"}]},{"@type":"WebSite","@id":"https:\/\/www.carsharevt.org\/#website","url":"https:\/\/www.carsharevt.org\/","name":"CarShare Vermont","description":"Change the way you get around!","publisher":{"@id":"https:\/\/www.carsharevt.org\/#organization"},"alternateName":"CarShare VT","potentialAction":[{"@type":"SearchAction","target":{"@type":"EntryPoint","urlTemplate":"https:\/\/www.carsharevt.org\/?s={search_term_string}"},"query-input":{"@type":"PropertyValueSpecification","valueRequired":true,"valueName":"search_term_string"}}],"inLanguage":"vi-VN"},{"@type":"Organization","@id":"https:\/\/www.carsharevt.org\/#organization","name":"CarShare Vermont","alternateName":"CarShare VT","url":"https:\/\/www.carsharevt.org\/","logo":{"@type":"ImageObject","inLanguage":"vi-VN","@id":"https:\/\/www.carsharevt.org\/#\/schema\/logo\/image\/","url":"https:\/\/www.carsharevt.org\/wp-content\/uploads\/2023\/01\/carshare-logo.png","contentUrl":"https:\/\/www.carsharevt.org\/wp-content\/uploads\/2023\/01\/carshare-logo.png","width":640,"height":100,"caption":"CarShare Vermont"},"image":{"@id":"https:\/\/www.carsharevt.org\/#\/schema\/logo\/image\/"},"sameAs":["http:\/\/facebook.com\/carsharevermont","https:\/\/x.com\/carsharevermont","https:\/\/www.instagram.com\/carsharevermont\/"]}]}},"_links":{"self":[{"href":"https:\/\/www.carsharevt.org\/vi\/wp-json\/wp\/v2\/pages\/1767","targetHints":{"allow":["GET"]}}],"collection":[{"href":"https:\/\/www.carsharevt.org\/vi\/wp-json\/wp\/v2\/pages"}],"about":[{"href":"https:\/\/www.carsharevt.org\/vi\/wp-json\/wp\/v2\/types\/page"}],"author":[{"embeddable":true,"href":"https:\/\/www.carsharevt.org\/vi\/wp-json\/wp\/v2\/users\/2"}],"replies":[{"embeddable":true,"href":"https:\/\/www.carsharevt.org\/vi\/wp-json\/wp\/v2\/comments?post=1767"}],"version-history":[{"count":0,"href":"https:\/\/www.carsharevt.org\/vi\/wp-json\/wp\/v2\/pages\/1767\/revisions"}],"wp:attachment":[{"href":"https:\/\/www.carsharevt.org\/vi\/wp-json\/wp\/v2\/media?parent=1767"}],"curies":[{"name":"wp","href":"https:\/\/api.w.org\/{rel}","templated":true}]}}