{"id":1745,"date":"2022-11-24T16:36:56","date_gmt":"2022-11-24T21:36:56","guid":{"rendered":"https:\/\/www.carsharevt.org\/nha\/"},"modified":"2024-08-12T11:34:57","modified_gmt":"2024-08-12T16:34:57","slug":"nha","status":"publish","type":"page","link":"https:\/\/www.carsharevt.org\/vi\/","title":{"rendered":"Nh\u00e0"},"content":{"rendered":"","protected":false},"excerpt":{"rendered":"","protected":false},"author":2,"featured_media":0,"parent":0,"menu_order":0,"comment_status":"closed","ping_status":"closed","template":"","meta":{"_acf_changed":false,"inline_featured_image":false,"footnotes":""},"class_list":["post-1745","page","type-page","status-publish","hentry"],"acf":[],"yoast_head":"<!-- This site is optimized with the Yoast SEO plugin v26.8 - https:\/\/yoast.com\/product\/yoast-seo-wordpress\/ -->\n<title>CarShare Vermont - Change the way you get around!<\/title>\n<meta name=\"description\" content=\"CarShare Vermont l\u00e0 m\u1ed9t gi\u1ea3i ph\u00e1p thay th\u1ebf d\u1ec5 d\u00e0ng v\u00e0 gi\u00e1 c\u1ea3 ph\u1ea3i ch\u0103ng \u0111\u1ec3 s\u1edf h\u1eefu m\u1ed9t chi\u1ebfc xe h\u01a1i. N\u1ebfu b\u1ea1n s\u1ed1ng ho\u1eb7c l\u00e0m vi\u1ec7c xung quanh Burlington, Vermont, ch\u00fang t\u00f4i c\u00f3 m\u1ed9t chi\u1ebfc xe h\u01a1i g\u1ea7n \u0111\u00f3.\" \/>\n<meta name=\"robots\" content=\"index, follow, max-snippet:-1, max-image-preview:large, max-video-preview:-1\" \/>\n<link rel=\"canonical\" href=\"https:\/\/www.carsharevt.org\/vi\/nha\/\" \/>\n<meta property=\"og:locale\" content=\"vi_VN\" \/>\n<meta property=\"og:type\" content=\"article\" \/>\n<meta property=\"og:title\" content=\"CarShare Vermont - Change the way you get around!\" \/>\n<meta property=\"og:description\" content=\"CarShare Vermont l\u00e0 m\u1ed9t gi\u1ea3i ph\u00e1p thay th\u1ebf d\u1ec5 d\u00e0ng v\u00e0 gi\u00e1 c\u1ea3 ph\u1ea3i ch\u0103ng \u0111\u1ec3 s\u1edf h\u1eefu m\u1ed9t chi\u1ebfc xe h\u01a1i. N\u1ebfu b\u1ea1n s\u1ed1ng ho\u1eb7c l\u00e0m vi\u1ec7c xung quanh Burlington, Vermont, ch\u00fang t\u00f4i c\u00f3 m\u1ed9t chi\u1ebfc xe h\u01a1i g\u1ea7n \u0111\u00f3.\" \/>\n<meta property=\"og:url\" content=\"https:\/\/www.carsharevt.org\/vi\/nha\/\" \/>\n<meta property=\"og:site_name\" content=\"CarShare Vermont\" \/>\n<meta property=\"article:publisher\" content=\"http:\/\/facebook.com\/carsharevermont\" \/>\n<meta property=\"article:modified_time\" content=\"2024-08-12T16:34:57+00:00\" \/>\n<meta name=\"twitter:card\" content=\"summary_large_image\" \/>\n<meta name=\"twitter:site\" content=\"@carsharevermont\" \/>\n<script type=\"application\/ld+json\" class=\"yoast-schema-graph\">{\"@context\":\"https:\/\/schema.org\",\"@graph\":[{\"@type\":\"WebPage\",\"@id\":\"https:\/\/www.carsharevt.org\/vi\/nha\/\",\"url\":\"https:\/\/www.carsharevt.org\/vi\/nha\/\",\"name\":\"CarShare Vermont - Change the way you get around!\",\"isPartOf\":{\"@id\":\"https:\/\/www.carsharevt.org\/#website\"},\"datePublished\":\"2022-11-24T21:36:56+00:00\",\"dateModified\":\"2024-08-12T16:34:57+00:00\",\"description\":\"CarShare Vermont l\u00e0 m\u1ed9t gi\u1ea3i ph\u00e1p thay th\u1ebf d\u1ec5 d\u00e0ng v\u00e0 gi\u00e1 c\u1ea3 ph\u1ea3i ch\u0103ng \u0111\u1ec3 s\u1edf h\u1eefu m\u1ed9t chi\u1ebfc xe h\u01a1i. N\u1ebfu b\u1ea1n s\u1ed1ng ho\u1eb7c l\u00e0m vi\u1ec7c xung quanh Burlington, Vermont, ch\u00fang t\u00f4i c\u00f3 m\u1ed9t chi\u1ebfc xe h\u01a1i g\u1ea7n \u0111\u00f3.\",\"breadcrumb\":{\"@id\":\"https:\/\/www.carsharevt.org\/vi\/nha\/#breadcrumb\"},\"inLanguage\":\"vi-VN\",\"potentialAction\":[{\"@type\":\"ReadAction\",\"target\":[\"https:\/\/www.carsharevt.org\/vi\/nha\/\"]}]},{\"@type\":\"BreadcrumbList\",\"@id\":\"https:\/\/www.carsharevt.org\/vi\/nha\/#breadcrumb\",\"itemListElement\":[{\"@type\":\"ListItem\",\"position\":1,\"name\":\"Home\",\"item\":\"https:\/\/www.carsharevt.org\/vi\/nha\/\"},{\"@type\":\"ListItem\",\"position\":2,\"name\":\"Nh\u00e0\"}]},{\"@type\":\"WebSite\",\"@id\":\"https:\/\/www.carsharevt.org\/#website\",\"url\":\"https:\/\/www.carsharevt.org\/\",\"name\":\"CarShare Vermont\",\"description\":\"Change the way you get around!\",\"publisher\":{\"@id\":\"https:\/\/www.carsharevt.org\/#organization\"},\"alternateName\":\"CarShare VT\",\"potentialAction\":[{\"@type\":\"SearchAction\",\"target\":{\"@type\":\"EntryPoint\",\"urlTemplate\":\"https:\/\/www.carsharevt.org\/?s={search_term_string}\"},\"query-input\":{\"@type\":\"PropertyValueSpecification\",\"valueRequired\":true,\"valueName\":\"search_term_string\"}}],\"inLanguage\":\"vi-VN\"},{\"@type\":\"Organization\",\"@id\":\"https:\/\/www.carsharevt.org\/#organization\",\"name\":\"CarShare Vermont\",\"alternateName\":\"CarShare VT\",\"url\":\"https:\/\/www.carsharevt.org\/\",\"logo\":{\"@type\":\"ImageObject\",\"inLanguage\":\"vi-VN\",\"@id\":\"https:\/\/www.carsharevt.org\/#\/schema\/logo\/image\/\",\"url\":\"https:\/\/www.carsharevt.org\/wp-content\/uploads\/2023\/01\/carshare-logo.png\",\"contentUrl\":\"https:\/\/www.carsharevt.org\/wp-content\/uploads\/2023\/01\/carshare-logo.png\",\"width\":640,\"height\":100,\"caption\":\"CarShare Vermont\"},\"image\":{\"@id\":\"https:\/\/www.carsharevt.org\/#\/schema\/logo\/image\/\"},\"sameAs\":[\"http:\/\/facebook.com\/carsharevermont\",\"https:\/\/x.com\/carsharevermont\",\"https:\/\/www.instagram.com\/carsharevermont\/\"]}]}<\/script>\n<!-- \/ Yoast SEO plugin. -->","yoast_head_json":{"title":"CarShare Vermont - Change the way you get around!","description":"CarShare Vermont l\u00e0 m\u1ed9t gi\u1ea3i ph\u00e1p thay th\u1ebf d\u1ec5 d\u00e0ng v\u00e0 gi\u00e1 c\u1ea3 ph\u1ea3i ch\u0103ng \u0111\u1ec3 s\u1edf h\u1eefu m\u1ed9t chi\u1ebfc xe h\u01a1i. N\u1ebfu b\u1ea1n s\u1ed1ng ho\u1eb7c l\u00e0m vi\u1ec7c xung quanh Burlington, Vermont, ch\u00fang t\u00f4i c\u00f3 m\u1ed9t chi\u1ebfc xe h\u01a1i g\u1ea7n \u0111\u00f3.","robots":{"index":"index","follow":"follow","max-snippet":"max-snippet:-1","max-image-preview":"max-image-preview:large","max-video-preview":"max-video-preview:-1"},"canonical":"https:\/\/www.carsharevt.org\/vi\/nha\/","og_locale":"vi_VN","og_type":"article","og_title":"CarShare Vermont - Change the way you get around!","og_description":"CarShare Vermont l\u00e0 m\u1ed9t gi\u1ea3i ph\u00e1p thay th\u1ebf d\u1ec5 d\u00e0ng v\u00e0 gi\u00e1 c\u1ea3 ph\u1ea3i ch\u0103ng \u0111\u1ec3 s\u1edf h\u1eefu m\u1ed9t chi\u1ebfc xe h\u01a1i. N\u1ebfu b\u1ea1n s\u1ed1ng ho\u1eb7c l\u00e0m vi\u1ec7c xung quanh Burlington, Vermont, ch\u00fang t\u00f4i c\u00f3 m\u1ed9t chi\u1ebfc xe h\u01a1i g\u1ea7n \u0111\u00f3.","og_url":"https:\/\/www.carsharevt.org\/vi\/nha\/","og_site_name":"CarShare Vermont","article_publisher":"http:\/\/facebook.com\/carsharevermont","article_modified_time":"2024-08-12T16:34:57+00:00","twitter_card":"summary_large_image","twitter_site":"@carsharevermont","schema":{"@context":"https:\/\/schema.org","@graph":[{"@type":"WebPage","@id":"https:\/\/www.carsharevt.org\/vi\/nha\/","url":"https:\/\/www.carsharevt.org\/vi\/nha\/","name":"CarShare Vermont - Change the way you get around!","isPartOf":{"@id":"https:\/\/www.carsharevt.org\/#website"},"datePublished":"2022-11-24T21:36:56+00:00","dateModified":"2024-08-12T16:34:57+00:00","description":"CarShare Vermont l\u00e0 m\u1ed9t gi\u1ea3i ph\u00e1p thay th\u1ebf d\u1ec5 d\u00e0ng v\u00e0 gi\u00e1 c\u1ea3 ph\u1ea3i ch\u0103ng \u0111\u1ec3 s\u1edf h\u1eefu m\u1ed9t chi\u1ebfc xe h\u01a1i. N\u1ebfu b\u1ea1n s\u1ed1ng ho\u1eb7c l\u00e0m vi\u1ec7c xung quanh Burlington, Vermont, ch\u00fang t\u00f4i c\u00f3 m\u1ed9t chi\u1ebfc xe h\u01a1i g\u1ea7n \u0111\u00f3.","breadcrumb":{"@id":"https:\/\/www.carsharevt.org\/vi\/nha\/#breadcrumb"},"inLanguage":"vi-VN","potentialAction":[{"@type":"ReadAction","target":["https:\/\/www.carsharevt.org\/vi\/nha\/"]}]},{"@type":"BreadcrumbList","@id":"https:\/\/www.carsharevt.org\/vi\/nha\/#breadcrumb","itemListElement":[{"@type":"ListItem","position":1,"name":"Home","item":"https:\/\/www.carsharevt.org\/vi\/nha\/"},{"@type":"ListItem","position":2,"name":"Nh\u00e0"}]},{"@type":"WebSite","@id":"https:\/\/www.carsharevt.org\/#website","url":"https:\/\/www.carsharevt.org\/","name":"CarShare Vermont","description":"Change the way you get around!","publisher":{"@id":"https:\/\/www.carsharevt.org\/#organization"},"alternateName":"CarShare VT","potentialAction":[{"@type":"SearchAction","target":{"@type":"EntryPoint","urlTemplate":"https:\/\/www.carsharevt.org\/?s={search_term_string}"},"query-input":{"@type":"PropertyValueSpecification","valueRequired":true,"valueName":"search_term_string"}}],"inLanguage":"vi-VN"},{"@type":"Organization","@id":"https:\/\/www.carsharevt.org\/#organization","name":"CarShare Vermont","alternateName":"CarShare VT","url":"https:\/\/www.carsharevt.org\/","logo":{"@type":"ImageObject","inLanguage":"vi-VN","@id":"https:\/\/www.carsharevt.org\/#\/schema\/logo\/image\/","url":"https:\/\/www.carsharevt.org\/wp-content\/uploads\/2023\/01\/carshare-logo.png","contentUrl":"https:\/\/www.carsharevt.org\/wp-content\/uploads\/2023\/01\/carshare-logo.png","width":640,"height":100,"caption":"CarShare Vermont"},"image":{"@id":"https:\/\/www.carsharevt.org\/#\/schema\/logo\/image\/"},"sameAs":["http:\/\/facebook.com\/carsharevermont","https:\/\/x.com\/carsharevermont","https:\/\/www.instagram.com\/carsharevermont\/"]}]}},"_links":{"self":[{"href":"https:\/\/www.carsharevt.org\/vi\/wp-json\/wp\/v2\/pages\/1745","targetHints":{"allow":["GET"]}}],"collection":[{"href":"https:\/\/www.carsharevt.org\/vi\/wp-json\/wp\/v2\/pages"}],"about":[{"href":"https:\/\/www.carsharevt.org\/vi\/wp-json\/wp\/v2\/types\/page"}],"author":[{"embeddable":true,"href":"https:\/\/www.carsharevt.org\/vi\/wp-json\/wp\/v2\/users\/2"}],"replies":[{"embeddable":true,"href":"https:\/\/www.carsharevt.org\/vi\/wp-json\/wp\/v2\/comments?post=1745"}],"version-history":[{"count":0,"href":"https:\/\/www.carsharevt.org\/vi\/wp-json\/wp\/v2\/pages\/1745\/revisions"}],"wp:attachment":[{"href":"https:\/\/www.carsharevt.org\/vi\/wp-json\/wp\/v2\/media?parent=1745"}],"curies":[{"name":"wp","href":"https:\/\/api.w.org\/{rel}","templated":true}]}}