{"id":819,"date":"2023-05-08T13:52:27","date_gmt":"2023-05-08T17:52:27","guid":{"rendered":"https:\/\/www.carsharevt.org\/visite\/"},"modified":"2024-08-12T11:33:15","modified_gmt":"2024-08-12T16:33:15","slug":"visite","status":"publish","type":"page","link":"https:\/\/www.carsharevt.org\/fr\/visite\/","title":{"rendered":"Visite"},"content":{"rendered":"","protected":false},"excerpt":{"rendered":"","protected":false},"author":4,"featured_media":0,"parent":0,"menu_order":0,"comment_status":"closed","ping_status":"closed","template":"","meta":{"_acf_changed":false,"inline_featured_image":false,"footnotes":""},"class_list":["post-819","page","type-page","status-publish","hentry"],"acf":[],"yoast_head":"<!-- This site is optimized with the Yoast SEO plugin v26.8 - https:\/\/yoast.com\/product\/yoast-seo-wordpress\/ -->\n<title>Visite - CarShare Vermont<\/title>\n<meta name=\"description\" content=\"Vous visitez Burlington? \u00c9vitez la location de voiture co\u00fbteuse et partagez avec nous \u00e0 la place! R\u00e9servez le v\u00e9hicule de votre choix \u00e0 l\u2019aide de notre application mobile gratuite, d\u00e9verrouillez et conduisez.\" \/>\n<meta name=\"robots\" content=\"index, follow, max-snippet:-1, max-image-preview:large, max-video-preview:-1\" \/>\n<link rel=\"canonical\" href=\"https:\/\/www.carsharevt.org\/fr\/visite\/\" \/>\n<meta property=\"og:locale\" content=\"fr_FR\" \/>\n<meta property=\"og:type\" content=\"article\" \/>\n<meta property=\"og:title\" content=\"Visite - CarShare Vermont\" \/>\n<meta property=\"og:description\" content=\"Vous visitez Burlington? \u00c9vitez la location de voiture co\u00fbteuse et partagez avec nous \u00e0 la place! R\u00e9servez le v\u00e9hicule de votre choix \u00e0 l\u2019aide de notre application mobile gratuite, d\u00e9verrouillez et conduisez.\" \/>\n<meta property=\"og:url\" content=\"https:\/\/www.carsharevt.org\/fr\/visite\/\" \/>\n<meta property=\"og:site_name\" content=\"CarShare Vermont\" \/>\n<meta property=\"article:publisher\" content=\"http:\/\/facebook.com\/carsharevermont\" \/>\n<meta property=\"article:modified_time\" content=\"2024-08-12T16:33:15+00:00\" \/>\n<meta name=\"twitter:card\" content=\"summary_large_image\" \/>\n<meta name=\"twitter:site\" content=\"@carsharevermont\" \/>\n<script type=\"application\/ld+json\" class=\"yoast-schema-graph\">{\"@context\":\"https:\/\/schema.org\",\"@graph\":[{\"@type\":\"WebPage\",\"@id\":\"https:\/\/www.carsharevt.org\/fr\/visite\/\",\"url\":\"https:\/\/www.carsharevt.org\/fr\/visite\/\",\"name\":\"Visite - CarShare Vermont\",\"isPartOf\":{\"@id\":\"https:\/\/www.carsharevt.org\/#website\"},\"datePublished\":\"2023-05-08T17:52:27+00:00\",\"dateModified\":\"2024-08-12T16:33:15+00:00\",\"description\":\"Vous visitez Burlington? \u00c9vitez la location de voiture co\u00fbteuse et partagez avec nous \u00e0 la place! R\u00e9servez le v\u00e9hicule de votre choix \u00e0 l\u2019aide de notre application mobile gratuite, d\u00e9verrouillez et conduisez.\",\"breadcrumb\":{\"@id\":\"https:\/\/www.carsharevt.org\/fr\/visite\/#breadcrumb\"},\"inLanguage\":\"fr-FR\",\"potentialAction\":[{\"@type\":\"ReadAction\",\"target\":[\"https:\/\/www.carsharevt.org\/fr\/visite\/\"]}]},{\"@type\":\"BreadcrumbList\",\"@id\":\"https:\/\/www.carsharevt.org\/fr\/visite\/#breadcrumb\",\"itemListElement\":[{\"@type\":\"ListItem\",\"position\":1,\"name\":\"Home\",\"item\":\"https:\/\/www.carsharevt.org\/fr\/domicile\/\"},{\"@type\":\"ListItem\",\"position\":2,\"name\":\"Protected: Visite\"}]},{\"@type\":\"WebSite\",\"@id\":\"https:\/\/www.carsharevt.org\/#website\",\"url\":\"https:\/\/www.carsharevt.org\/\",\"name\":\"CarShare Vermont\",\"description\":\"Change the way you get around!\",\"publisher\":{\"@id\":\"https:\/\/www.carsharevt.org\/#organization\"},\"alternateName\":\"CarShare VT\",\"potentialAction\":[{\"@type\":\"SearchAction\",\"target\":{\"@type\":\"EntryPoint\",\"urlTemplate\":\"https:\/\/www.carsharevt.org\/?s={search_term_string}\"},\"query-input\":{\"@type\":\"PropertyValueSpecification\",\"valueRequired\":true,\"valueName\":\"search_term_string\"}}],\"inLanguage\":\"fr-FR\"},{\"@type\":\"Organization\",\"@id\":\"https:\/\/www.carsharevt.org\/#organization\",\"name\":\"CarShare Vermont\",\"alternateName\":\"CarShare VT\",\"url\":\"https:\/\/www.carsharevt.org\/\",\"logo\":{\"@type\":\"ImageObject\",\"inLanguage\":\"fr-FR\",\"@id\":\"https:\/\/www.carsharevt.org\/#\/schema\/logo\/image\/\",\"url\":\"https:\/\/www.carsharevt.org\/wp-content\/uploads\/2023\/01\/carshare-logo.png\",\"contentUrl\":\"https:\/\/www.carsharevt.org\/wp-content\/uploads\/2023\/01\/carshare-logo.png\",\"width\":640,\"height\":100,\"caption\":\"CarShare Vermont\"},\"image\":{\"@id\":\"https:\/\/www.carsharevt.org\/#\/schema\/logo\/image\/\"},\"sameAs\":[\"http:\/\/facebook.com\/carsharevermont\",\"https:\/\/x.com\/carsharevermont\",\"https:\/\/www.instagram.com\/carsharevermont\/\"]}]}<\/script>\n<!-- \/ Yoast SEO plugin. -->","yoast_head_json":{"title":"Visite - CarShare Vermont","description":"Vous visitez Burlington? \u00c9vitez la location de voiture co\u00fbteuse et partagez avec nous \u00e0 la place! R\u00e9servez le v\u00e9hicule de votre choix \u00e0 l\u2019aide de notre application mobile gratuite, d\u00e9verrouillez et conduisez.","robots":{"index":"index","follow":"follow","max-snippet":"max-snippet:-1","max-image-preview":"max-image-preview:large","max-video-preview":"max-video-preview:-1"},"canonical":"https:\/\/www.carsharevt.org\/fr\/visite\/","og_locale":"fr_FR","og_type":"article","og_title":"Visite - CarShare Vermont","og_description":"Vous visitez Burlington? \u00c9vitez la location de voiture co\u00fbteuse et partagez avec nous \u00e0 la place! R\u00e9servez le v\u00e9hicule de votre choix \u00e0 l\u2019aide de notre application mobile gratuite, d\u00e9verrouillez et conduisez.","og_url":"https:\/\/www.carsharevt.org\/fr\/visite\/","og_site_name":"CarShare Vermont","article_publisher":"http:\/\/facebook.com\/carsharevermont","article_modified_time":"2024-08-12T16:33:15+00:00","twitter_card":"summary_large_image","twitter_site":"@carsharevermont","schema":{"@context":"https:\/\/schema.org","@graph":[{"@type":"WebPage","@id":"https:\/\/www.carsharevt.org\/fr\/visite\/","url":"https:\/\/www.carsharevt.org\/fr\/visite\/","name":"Visite - CarShare Vermont","isPartOf":{"@id":"https:\/\/www.carsharevt.org\/#website"},"datePublished":"2023-05-08T17:52:27+00:00","dateModified":"2024-08-12T16:33:15+00:00","description":"Vous visitez Burlington? \u00c9vitez la location de voiture co\u00fbteuse et partagez avec nous \u00e0 la place! R\u00e9servez le v\u00e9hicule de votre choix \u00e0 l\u2019aide de notre application mobile gratuite, d\u00e9verrouillez et conduisez.","breadcrumb":{"@id":"https:\/\/www.carsharevt.org\/fr\/visite\/#breadcrumb"},"inLanguage":"fr-FR","potentialAction":[{"@type":"ReadAction","target":["https:\/\/www.carsharevt.org\/fr\/visite\/"]}]},{"@type":"BreadcrumbList","@id":"https:\/\/www.carsharevt.org\/fr\/visite\/#breadcrumb","itemListElement":[{"@type":"ListItem","position":1,"name":"Home","item":"https:\/\/www.carsharevt.org\/fr\/domicile\/"},{"@type":"ListItem","position":2,"name":"Protected: Visite"}]},{"@type":"WebSite","@id":"https:\/\/www.carsharevt.org\/#website","url":"https:\/\/www.carsharevt.org\/","name":"CarShare Vermont","description":"Change the way you get around!","publisher":{"@id":"https:\/\/www.carsharevt.org\/#organization"},"alternateName":"CarShare VT","potentialAction":[{"@type":"SearchAction","target":{"@type":"EntryPoint","urlTemplate":"https:\/\/www.carsharevt.org\/?s={search_term_string}"},"query-input":{"@type":"PropertyValueSpecification","valueRequired":true,"valueName":"search_term_string"}}],"inLanguage":"fr-FR"},{"@type":"Organization","@id":"https:\/\/www.carsharevt.org\/#organization","name":"CarShare Vermont","alternateName":"CarShare VT","url":"https:\/\/www.carsharevt.org\/","logo":{"@type":"ImageObject","inLanguage":"fr-FR","@id":"https:\/\/www.carsharevt.org\/#\/schema\/logo\/image\/","url":"https:\/\/www.carsharevt.org\/wp-content\/uploads\/2023\/01\/carshare-logo.png","contentUrl":"https:\/\/www.carsharevt.org\/wp-content\/uploads\/2023\/01\/carshare-logo.png","width":640,"height":100,"caption":"CarShare Vermont"},"image":{"@id":"https:\/\/www.carsharevt.org\/#\/schema\/logo\/image\/"},"sameAs":["http:\/\/facebook.com\/carsharevermont","https:\/\/x.com\/carsharevermont","https:\/\/www.instagram.com\/carsharevermont\/"]}]}},"_links":{"self":[{"href":"https:\/\/www.carsharevt.org\/fr\/wp-json\/wp\/v2\/pages\/819","targetHints":{"allow":["GET"]}}],"collection":[{"href":"https:\/\/www.carsharevt.org\/fr\/wp-json\/wp\/v2\/pages"}],"about":[{"href":"https:\/\/www.carsharevt.org\/fr\/wp-json\/wp\/v2\/types\/page"}],"author":[{"embeddable":true,"href":"https:\/\/www.carsharevt.org\/fr\/wp-json\/wp\/v2\/users\/4"}],"replies":[{"embeddable":true,"href":"https:\/\/www.carsharevt.org\/fr\/wp-json\/wp\/v2\/comments?post=819"}],"version-history":[{"count":0,"href":"https:\/\/www.carsharevt.org\/fr\/wp-json\/wp\/v2\/pages\/819\/revisions"}],"wp:attachment":[{"href":"https:\/\/www.carsharevt.org\/fr\/wp-json\/wp\/v2\/media?parent=819"}],"curies":[{"name":"wp","href":"https:\/\/api.w.org\/{rel}","templated":true}]}}