{"id":1827,"date":"2022-12-17T14:49:55","date_gmt":"2022-12-17T19:49:55","guid":{"rendered":"https:\/\/www.carsharevt.org\/politica-de-privacidad\/"},"modified":"2023-06-30T19:49:49","modified_gmt":"2023-07-01T00:49:49","slug":"politica-de-privacidad","status":"publish","type":"page","link":"https:\/\/www.carsharevt.org\/es\/politica-de-privacidad\/","title":{"rendered":"Pol\u00edtica de privacidad"},"content":{"rendered":"&#13;\n<h4 class=\"wp-block-heading\">POL\u00cdTICA DE PRIVACIDAD DE CARSHARE VERMONT<\/h4>&#13;\n&#13;\n<h1 class=\"wp-block-heading\">Nos comprometemos a proteger su privacidad.<\/h1>&#13;\n&#13;\n<p>CarShare Vermont aprecia y valora la confianza que nuestros miembros depositan en nosotros. Estamos comprometidos a proteger la informaci\u00f3n privada y personal de nuestros miembros. Nos esforzamos por comunicar claramente qu\u00e9 informaci\u00f3n recopilamos, las razones para recopilar informaci\u00f3n personal de los miembros y las formas en que se protege la confidencialidad de esta informaci\u00f3n.<\/p>&#13;\n&#13;\n<p>CarShare Vermont es una organizaci\u00f3n independiente sin fines de lucro, y la informaci\u00f3n de los miembros no se comparte autom\u00e1ticamente con otras organizaciones con las que estamos afiliados. Los miembros (y miembros potenciales) siempre pueden optar por no proporcionar a CarShare Vermont parte o toda la informaci\u00f3n personal; sin embargo, esta decisi\u00f3n puede impedir que CarShare Vermont determine la elegibilidad de membres\u00eda y la capacidad de proporcionar a los miembros acceso completo a los servicios disponibles o solicitados. No recopilaremos su informaci\u00f3n personal sin su consentimiento.<\/p>&#13;\n&#13;\n<h5 class=\"wp-block-heading\">Razones para recopilar informaci\u00f3n personal<\/h5>&#13;\n&#13;\n<p>CarShare Vermont recopila informaci\u00f3n personal para que podamos:<\/p>&#13;\n\r\n<ul class=\"wp-block-list\">&#13;\n<li>Determinar la elegibilidad de la membres\u00eda;<\/li>&#13;\n\r\n\r\n&#13;\n<li>Comunicarse con los miembros sobre su participaci\u00f3n en el programa de carsharing, incluido, entre otros, el seguimiento de las reservas y el uso de veh\u00edculos, facturas, boletines informativos, anuncios de la organizaci\u00f3n, etc.;<\/li>&#13;\n\r\n\r\n&#13;\n<li>Mejorar nuestros servicios a trav\u00e9s de encuestas y consultas a los miembros realizadas directamente por CarShare Vermont o por terceros aprobados;<\/li>&#13;\n\r\n\r\n&#13;\n<li>Aseg\u00farese de que los miembros utilicen los veh\u00edculos de manera adecuada;<\/li>&#13;\n\r\n\r\n&#13;\n<li>Aseg\u00farese de que los miembros sigan las pol\u00edticas de uso de veh\u00edculos de CarShare Vermont; y<\/li>&#13;\n\r\n\r\n&#13;\n<li>Cumplir con los requisitos legales y de seguros.<\/li>&#13;\n<\/ul>\r\n&#13;\n<h5 class=\"wp-block-heading\">Informaci\u00f3n sobre los miembros que recopilamos<\/h5>&#13;\n&#13;\n<p>Como parte de la participaci\u00f3n de los miembros en el programa de carsharing, CarShare Vermont recopila una variedad de informaci\u00f3n sobre sus miembros. Por lo general, dicha informaci\u00f3n incluye, pero no se limita a:<\/p>&#13;\n\r\n<ul class=\"wp-block-list\">&#13;\n<li>Informaci\u00f3n de contacto, incluido su nombre, domicilio, n\u00famero de tel\u00e9fono y direcci\u00f3n de correo electr\u00f3nico, y el nombre y la informaci\u00f3n de contacto de su persona de contacto de emergencia;<\/li>&#13;\n\r\n\r\n&#13;\n<li>Informaci\u00f3n relacionada con la elegibilidad del miembro, incluida la fecha y edad de nacimiento, informaci\u00f3n de la licencia de conducir, registros de manejo e informaci\u00f3n del seguro de autom\u00f3vil;<\/li>&#13;\n\r\n\r\n&#13;\n<li>Informaci\u00f3n relacionada con la elegibilidad para la membres\u00eda de MobilityShare, incluida la verificaci\u00f3n de ingresos;<\/li>&#13;\n\r\n\r\n&#13;\n<li>Informaci\u00f3n de pago, un registro de sus pagos, informaci\u00f3n cifrada de tarjeta de cr\u00e9dito o d\u00e9bito, u otra informaci\u00f3n que proporcione para que podamos cobrar el pago;<\/li>&#13;\n\r\n\r\n&#13;\n<li>Informaci\u00f3n sobre el uso del veh\u00edculo, incluidas las marcas de tiempo de acceso y bloqueo de veh\u00edculos, distancias recorridas, velocidades de conducci\u00f3n y ubicaciones actuales e hist\u00f3ricas de los veh\u00edculos;<\/li>&#13;\n\r\n\r\n&#13;\n<li>Historial de membres\u00eda en CarShare Vermont;<\/li>&#13;\n\r\n\r\n&#13;\n<li>Empleador, escuela u otras afiliaciones (como informaci\u00f3n actualizada relacionada con su relaci\u00f3n con esas empresas u organizaciones);<\/li>&#13;\n\r\n\r\n&#13;\n<li>Informaci\u00f3n disponible p\u00fablicamente.<\/li>&#13;\n<\/ul>\r\n&#13;\n<h5 class=\"wp-block-heading\">C\u00f3mo recopilamos informaci\u00f3n<\/h5>&#13;\n&#13;\n<p>CarShare Vermont recopila principalmente informaci\u00f3n personal directamente del miembro a trav\u00e9s de formularios de solicitud, encuestas, comunicaciones iniciadas por el miembro o informaci\u00f3n que un miembro solicita directamente a un tercero que env\u00ede a CarShare Vermont. Si nos comunicamos con un miembro por tel\u00e9fono, correo electr\u00f3nico o cualquier forma de comunicaci\u00f3n electr\u00f3nica, podemos registrar dicha comunicaci\u00f3n con fines de control de calidad o para cualquiera de los fines enumerados anteriormente en \u00abRazones para recopilar informaci\u00f3n personal\u00bb. Los sistemas de tecnolog\u00eda de carsharing en el veh\u00edculo proporcionar\u00e1n informaci\u00f3n sobre el uso del veh\u00edculo, incluidas, entre otras, las velocidades y ubicaciones de conducci\u00f3n. En circunstancias apropiadas, obtenemos informaci\u00f3n de fuentes de terceros, por ejemplo, organizaciones afiliadas de carshare cuyos miembros desean convertirse en miembros itinerantes de CarShare Vermont. Los registros de manejo pueden obtenerse de fuentes de terceros, como aseguradoras, seg\u00fan corresponda.<\/p>&#13;\n&#13;\n<h5 class=\"wp-block-heading\">Nuestro uso de su informaci\u00f3n personal<\/h5>&#13;\n&#13;\n<p>Tratamos la informaci\u00f3n personal respetando la privacidad. Excepto como se divulga en la Solicitud de Miembro de CarShare Vermont y los Acuerdos de Miembro y\/o seg\u00fan sea necesario para llevar a cabo operaciones comerciales ordinarias, o como se especifica a continuaci\u00f3n, CarShare Vermont no divulgar\u00e1 la informaci\u00f3n personal de ning\u00fan miembro (como, entre otros, nombre, direcciones f\u00edsicas y de correo electr\u00f3nico, n\u00fameros de tel\u00e9fono, n\u00famero de licencia de conducir, fecha de nacimiento, n\u00famero de seguro social, n\u00fameros de cuentas bancarias y de tarjetas de cr\u00e9dito) sin el permiso previo del miembro.<\/p>&#13;\n&#13;\n<p>Responsabilidades de nuestros empleados: Cada uno de nuestros empleados es responsable de mantener la confidencialidad de toda la informaci\u00f3n personal a la que tenga acceso. Mantenemos a nuestros empleados informados sobre nuestras pol\u00edticas y procedimientos para proteger la informaci\u00f3n personal, y cada empleado est\u00e1 sujeto a las pol\u00edticas de confidencialidad descritas en el Manual del empleado de CarShare Vermont. En el curso de la administraci\u00f3n del servicio a trav\u00e9s de CarShare Vermont, podemos divulgar informaci\u00f3n a otras entidades. La ley nos permite divulgar cualquier o toda la informaci\u00f3n que hemos recopilado sobre los miembros a entidades que prestan servicios en nuestro nombre y a organizaciones con las que estamos afiliados. Antes de divulgar la informaci\u00f3n de los miembros a estas organizaciones, requerimos que la mantengan confidencial y la usen solo para las transacciones que solicitamos.<\/p>&#13;\n&#13;\n<p>Tambi\u00e9n podemos divulgar cualquier o toda la informaci\u00f3n en relaci\u00f3n con procedimientos legales o administrativos contemplados o en curso, una citaci\u00f3n, orden judicial o administrativa, o asuntos que impliquen amenaza de da\u00f1o inminente a usted u otros o propiedad, o cuando la ley lo exija divulgar informaci\u00f3n. En los casos antes mencionados, nosotros:<\/p>&#13;\n\r\n<ol class=\"wp-block-list\">&#13;\n<li>Tratar de limitar el alcance de la divulgaci\u00f3n a lo que sea razonablemente necesario para cumplir con el prop\u00f3sito de la divulgaci\u00f3n;<\/li>&#13;\n\r\n\r\n&#13;\n<li>Tratar de restringir tales divulgaciones solo a las autoridades apropiadas;<\/li>&#13;\n\r\n\r\n&#13;\n<li>Realizar esfuerzos razonables para notificarle con la mayor anticipaci\u00f3n posible de dicha divulgaci\u00f3n (o una solicitud de divulgaci\u00f3n), a menos que: instruido de otra manera por un tribunal u otra autoridad con jurisdicci\u00f3n apropiada, o la divulgaci\u00f3n est\u00e9 relacionada con una investigaci\u00f3n o procedimiento penal.<\/li>&#13;\n<\/ol>\r\n&#13;\n<p>CarShare Vermont tambi\u00e9n puede divulgar informaci\u00f3n a su empleador si su participaci\u00f3n en el programa de carsharing est\u00e1 coordinada, patrocinada o financiada por su empleador y la divulgaci\u00f3n es necesaria para cumplir con la solicitud de informaci\u00f3n del empleador.<\/p>&#13;\n&#13;\n<h5 class=\"wp-block-heading\">Protecci\u00f3n de su informaci\u00f3n personal contra el acceso no autorizado<\/h5>&#13;\n&#13;\n<p>En las operaciones de CarShare Vermont, limitamos el acceso a la informaci\u00f3n de los miembros a aquellos trabajadores que tienen una raz\u00f3n comercial leg\u00edtima para dicho acceso. Mantenemos salvaguardas f\u00edsicas, electr\u00f3nicas y de procedimiento para proteger la informaci\u00f3n personal del acceso de personas no autorizadas.<\/p>&#13;\n&#13;\n<p>CarShare Vermont no acepta ni transmite datos de tarjetas de cr\u00e9dito por correo electr\u00f3nico.<\/p>&#13;\n&#13;\n<h5 class=\"wp-block-heading\">Informaci\u00f3n de membres\u00eda agregada y an\u00f3nima<\/h5>&#13;\n&#13;\n<p>CarShare Vermont puede, sin solicitar el permiso previo de ning\u00fan miembro, compartir membres\u00eda agregada o an\u00f3nima, uso de veh\u00edculos o informaci\u00f3n demogr\u00e1fica proporcionada voluntariamente con el fin de facilitar la investigaci\u00f3n destinada a promover el bien p\u00fablico o para buscar fondos para nuestros servicios.<\/p>&#13;\n&#13;\n<p><em>Actualizado el 1 de julio de 2019, sujeto a cambios sin previo aviso.<\/em><\/p>&#13;\n&#13;\n<h4 class=\"wp-block-heading\">Pol\u00edtica de privacidad del sitio web<\/h4>&#13;\n&#13;\n<h5 class=\"wp-block-heading\">Reconocimiento y aceptaci\u00f3n de los t\u00e9rminos<\/h5>&#13;\n&#13;\n<p>Esta Declaraci\u00f3n de privacidad establece nuestras pr\u00e1cticas de privacidad actuales con respecto a la informaci\u00f3n que recopilamos cuando usted o su computadora interact\u00faan con nuestro sitio web. Al acceder a <a href=\"http:\/\/www.carsharevt.org\/\">www.carsharevt.org<\/a>, usted reconoce y comprende completamente la Declaraci\u00f3n de privacidad de CarShare VT y acepta libremente las pr\u00e1cticas de recopilaci\u00f3n y uso de informaci\u00f3n descritas en esta Declaraci\u00f3n de privacidad del sitio web.<\/p>&#13;\n&#13;\n<h6 class=\"wp-block-heading\">Informaci\u00f3n que recopilamos y c\u00f3mo la usamos<\/h6>&#13;\n&#13;\n<p>CarShare Vermont recopila cierta informaci\u00f3n de y sobre sus usuarios de tres maneras: directamente de los registros de nuestro servidor web, el usuario y con cookies.<\/p>&#13;\n&#13;\n<h6 class=\"wp-block-heading\">Registros del servidor web<\/h6>&#13;\n&#13;\n<p>Cuando visita nuestro sitio web, podemos rastrear informaci\u00f3n para administrar el sitio y analizar su uso. Ejemplos de informaci\u00f3n que podemos rastrear incluyen:<\/p>&#13;\n\r\n<ul class=\"wp-block-list\">&#13;\n<li>Su direcci\u00f3n de protocolo de Internet.<\/li>&#13;\n\r\n\r\n&#13;\n<li>El tipo de navegador o computadora que utiliza.<\/li>&#13;\n\r\n\r\n&#13;\n<li>N\u00famero de enlaces en los que hace clic dentro del sitio.<\/li>&#13;\n\r\n\r\n&#13;\n<li>Estado o pa\u00eds desde el que accedi\u00f3 al sitio.<\/li>&#13;\n\r\n\r\n&#13;\n<li>Fecha y hora de su visita.<\/li>&#13;\n\r\n\r\n&#13;\n<li>Nombre de su proveedor de servicios de Internet.<\/li>&#13;\n\r\n\r\n&#13;\n<li>P\u00e1gina web desde la que se vincul\u00f3 a nuestro sitio.<\/li>&#13;\n\r\n\r\n&#13;\n<li>P\u00e1ginas que ha visto en el sitio.<\/li>&#13;\n<\/ul>\r\n&#13;\n<h6 class=\"wp-block-heading\">Uso de cookies<\/h6>&#13;\n&#13;\n<p>CarShare Vermont puede usar cookies para personalizar o mejorar su experiencia de usuario. Una cookie es un peque\u00f1o archivo de texto que un servidor de p\u00e1ginas web coloca en su disco duro. Las cookies no se pueden utilizar para ejecutar programas o enviar virus a su computadora. Las cookies se le asignan de forma \u00fanica y solo pueden ser le\u00eddas por un servidor web en el dominio que le emiti\u00f3 la cookie.<\/p>&#13;\n&#13;\n<p>Uno de los prop\u00f3sitos principales de las cookies es proporcionar una funci\u00f3n de conveniencia para ahorrarle tiempo. Por ejemplo, si personaliza una p\u00e1gina web o navega dentro de un sitio, una cookie ayuda al sitio a recordar su informaci\u00f3n espec\u00edfica en visitas posteriores. Por lo tanto, esto simplifica el proceso de entrega de contenido relevante y facilita la navegaci\u00f3n del sitio al proporcionar y guardar sus preferencias e informaci\u00f3n de inicio de sesi\u00f3n, as\u00ed como al proporcionar una funcionalidad personalizada.<\/p>&#13;\n&#13;\n<p>CarShare Vermont se reserva el derecho de compartir estad\u00edsticas agregadas del sitio con empresas asociadas, pero no permite que otras compa\u00f1\u00edas coloquen cookies en nuestro sitio web a menos que haya un valor temporal y primordial para el cliente (como fusionarse en <a href=\"http:\/\/www.carsharevt.org\/\">www.carsharevt.org<\/a> un sitio que depende de cookies de terceros).<\/p>&#13;\n&#13;\n<p>Usted tiene la posibilidad de aceptar o rechazar las cookies. La mayor\u00eda de los navegadores web aceptan autom\u00e1ticamente las cookies, pero generalmente puede modificar la configuraci\u00f3n de su navegador para rechazar las cookies. Si rechaza las cookies cambiando la configuraci\u00f3n de su navegador, tenga en cuenta que esto puede deshabilitar algunas de las funciones de nuestro sitio web.<\/p>&#13;\n&#13;\n<h6 class=\"wp-block-heading\">Usos de la informaci\u00f3n personal<\/h6>&#13;\n&#13;\n<p>Los visitantes de nuestro sitio web pueden registrarse para comprar mercanc\u00eda. Cuando se registre, le solicitaremos cierta informaci\u00f3n personal como nombre, direcci\u00f3n, correo electr\u00f3nico, n\u00famero de tel\u00e9fono o n\u00famero de fax, n\u00famero de cuenta y otra informaci\u00f3n relevante. Si est\u00e1 comprando mercanc\u00eda, le solicitaremos informaci\u00f3n financiera. Cualquier informaci\u00f3n financiera que recopilemos se utiliza \u00fanicamente para facturarle la mercanc\u00eda que compr\u00f3. Si compra con tarjeta de cr\u00e9dito, esta informaci\u00f3n puede ser enviada a su proveedor de tarjeta de cr\u00e9dito. Para otros tipos de registros, le pediremos la informaci\u00f3n pertinente. Tambi\u00e9n se le puede pedir que nos revele informaci\u00f3n personal para que podamos brindarle asistencia e informaci\u00f3n. Por ejemplo, dichos datos pueden estar garantizados para proporcionar soporte t\u00e9cnico en l\u00ednea y resoluci\u00f3n de problemas.<\/p>&#13;\n&#13;\n<p>No divulgaremos la informaci\u00f3n de identificaci\u00f3n personal que recopilamos de usted a terceros sin su permiso, excepto en la medida necesaria, incluyendo:<\/p>&#13;\n\r\n<ul class=\"wp-block-list\">&#13;\n<li>Para cumplir con sus solicitudes de mercanc\u00eda;<\/li>&#13;\n\r\n\r\n&#13;\n<li>Para protegernos de la responsabilidad;<\/li>&#13;\n\r\n\r\n&#13;\n<li>Para responder a un proceso legal o cumplir con la ley; o<\/li>&#13;\n\r\n\r\n&#13;\n<li>En relaci\u00f3n con una fusi\u00f3n, adquisici\u00f3n o liquidaci\u00f3n de la empresa.<\/li>&#13;\n<\/ul>\r\n&#13;\n<h5 class=\"wp-block-heading\">Cambios en esta declaraci\u00f3n<\/h5>&#13;\n&#13;\n<p>CarShare Vermont tiene la discreci\u00f3n de actualizar ocasionalmente esta declaraci\u00f3n de privacidad. Cuando lo hagamos, tambi\u00e9n revisaremos la fecha de \u00abactualizaci\u00f3n\u00bb en la parte superior de esta p\u00e1gina de privacidad. Le recomendamos que revise peri\u00f3dicamente esta declaraci\u00f3n de privacidad para mantenerse informado sobre c\u00f3mo estamos ayudando a proteger la informaci\u00f3n personal que recopilamos. Su uso continuado del servicio constituye su aceptaci\u00f3n de esta declaraci\u00f3n de privacidad y cualquier actualizaci\u00f3n.<\/p>&#13;\n&#13;\n<h5 class=\"wp-block-heading\">Legal<\/h5>&#13;\n&#13;\n<p>CarShare Vermont mantiene su sitio web como un servicio a la comunidad de Internet. El acceso y uso de <a href=\"http:\/\/www.carsharevt.org\/\">www.carsharevt.org<\/a> est\u00e1 sujeto a los t\u00e9rminos y condiciones establecidos en este documento y a todas las leyes aplicables. Podemos revisar estos t\u00e9rminos y condiciones de vez en cuando actualizando esta publicaci\u00f3n.<\/p>&#13;\n&#13;\n<p>Este sitio y todos sus contenidos, incluidos, entre otros, todos los textos e im\u00e1genes (\u00abcontenido\u00bb) son propiedad y est\u00e1n protegidos por derechos de autor de CarShare Vermont u otros con todos los derechos reservados a menos que se indique lo contrario. El contenido, sin el permiso expreso por escrito de CarShare Vermont o del propietario leg\u00edtimo, no puede ser distribuido, descargado, modificado, editado, reutilizado, reproducido, transmitido, realizado, mostrado o utilizado de otra manera por ning\u00fan medio mec\u00e1nico o electr\u00f3nico, excepto seg\u00fan lo dispuesto en este documento.<\/p>&#13;\n&#13;\n<p>Cualquier contenido que sea una marca comercial, logotipo o marca de servicio tambi\u00e9n es una marca comercial registrada y\/o no registrada de CarShare Vermont u otros.<\/p>&#13;\n&#13;\n<h5 class=\"wp-block-heading\">Contacte con nosotros<\/h5>&#13;\n&#13;\n<p>Si tiene preguntas sobre nuestra Declaraci\u00f3n de privacidad, su implementaci\u00f3n, el incumplimiento de esta Declaraci\u00f3n de privacidad y \/ o nuestras pr\u00e1cticas generales, cont\u00e1ctenos en <a href=\"mailto:info@carsharevt.org\">info@carsharevt.org<\/a> o env\u00edenos sus comentarios. Haremos todos los esfuerzos comercialmente razonables para responder y resolver r\u00e1pidamente cualquier problema o pregunta.<\/p>&#13;\n","protected":false},"excerpt":{"rendered":"<p>&#13; POL\u00cdTICA DE PRIVACIDAD DE CARSHARE VERMONT &#13; &#13; Nos comprometemos a proteger su privacidad. &#13; &#13; CarShare Vermont aprecia y valora la confianza que nuestros miembros depositan en nosotros. Estamos comprometidos a proteger la informaci\u00f3n privada y personal de nuestros miembros. Nos esforzamos por comunicar claramente qu\u00e9 informaci\u00f3n recopilamos, las razones para recopilar informaci\u00f3n [&hellip;]<\/p>\n","protected":false},"author":2,"featured_media":0,"parent":0,"menu_order":14,"comment_status":"closed","ping_status":"closed","template":"","meta":{"_acf_changed":false,"inline_featured_image":false,"footnotes":""},"class_list":["post-1827","page","type-page","status-publish","hentry"],"acf":[],"yoast_head":"<!-- This site is optimized with the Yoast SEO plugin v26.8 - https:\/\/yoast.com\/product\/yoast-seo-wordpress\/ -->\n<title>Pol\u00edtica de privacidad - CarShare Vermont<\/title>\n<meta name=\"robots\" content=\"index, follow, max-snippet:-1, max-image-preview:large, max-video-preview:-1\" \/>\n<link rel=\"canonical\" href=\"https:\/\/www.carsharevt.org\/es\/politica-de-privacidad\/\" \/>\n<meta property=\"og:locale\" content=\"es_ES\" \/>\n<meta property=\"og:type\" content=\"article\" \/>\n<meta property=\"og:title\" content=\"Pol\u00edtica de privacidad - CarShare Vermont\" \/>\n<meta property=\"og:description\" content=\"&#013; POL\u00cdTICA DE PRIVACIDAD DE CARSHARE VERMONT &#013; &#013; Nos comprometemos a proteger su privacidad. &#013; &#013; CarShare Vermont aprecia y valora la confianza que nuestros miembros depositan en nosotros. Estamos comprometidos a proteger la informaci\u00f3n privada y personal de nuestros miembros. Nos esforzamos por comunicar claramente qu\u00e9 informaci\u00f3n recopilamos, las razones para recopilar informaci\u00f3n [&hellip;]\" \/>\n<meta property=\"og:url\" content=\"https:\/\/www.carsharevt.org\/es\/politica-de-privacidad\/\" \/>\n<meta property=\"og:site_name\" content=\"CarShare Vermont\" \/>\n<meta property=\"article:publisher\" content=\"http:\/\/facebook.com\/carsharevermont\" \/>\n<meta property=\"article:modified_time\" content=\"2023-07-01T00:49:49+00:00\" \/>\n<meta name=\"twitter:card\" content=\"summary_large_image\" \/>\n<meta name=\"twitter:site\" content=\"@carsharevermont\" \/>\n<meta name=\"twitter:label1\" content=\"Tiempo de lectura\" \/>\n\t<meta name=\"twitter:data1\" content=\"12 minutos\" \/>\n<script type=\"application\/ld+json\" class=\"yoast-schema-graph\">{\"@context\":\"https:\/\/schema.org\",\"@graph\":[{\"@type\":\"WebPage\",\"@id\":\"https:\/\/www.carsharevt.org\/es\/politica-de-privacidad\/\",\"url\":\"https:\/\/www.carsharevt.org\/es\/politica-de-privacidad\/\",\"name\":\"Pol\u00edtica de privacidad - CarShare Vermont\",\"isPartOf\":{\"@id\":\"https:\/\/www.carsharevt.org\/#website\"},\"datePublished\":\"2022-12-17T19:49:55+00:00\",\"dateModified\":\"2023-07-01T00:49:49+00:00\",\"breadcrumb\":{\"@id\":\"https:\/\/www.carsharevt.org\/es\/politica-de-privacidad\/#breadcrumb\"},\"inLanguage\":\"es\",\"potentialAction\":[{\"@type\":\"ReadAction\",\"target\":[\"https:\/\/www.carsharevt.org\/es\/politica-de-privacidad\/\"]}]},{\"@type\":\"BreadcrumbList\",\"@id\":\"https:\/\/www.carsharevt.org\/es\/politica-de-privacidad\/#breadcrumb\",\"itemListElement\":[{\"@type\":\"ListItem\",\"position\":1,\"name\":\"Home\",\"item\":\"https:\/\/www.carsharevt.org\/es\/hogar\/\"},{\"@type\":\"ListItem\",\"position\":2,\"name\":\"Pol\u00edtica de privacidad\"}]},{\"@type\":\"WebSite\",\"@id\":\"https:\/\/www.carsharevt.org\/#website\",\"url\":\"https:\/\/www.carsharevt.org\/\",\"name\":\"CarShare Vermont\",\"description\":\"Change the way you get around!\",\"publisher\":{\"@id\":\"https:\/\/www.carsharevt.org\/#organization\"},\"alternateName\":\"CarShare VT\",\"potentialAction\":[{\"@type\":\"SearchAction\",\"target\":{\"@type\":\"EntryPoint\",\"urlTemplate\":\"https:\/\/www.carsharevt.org\/?s={search_term_string}\"},\"query-input\":{\"@type\":\"PropertyValueSpecification\",\"valueRequired\":true,\"valueName\":\"search_term_string\"}}],\"inLanguage\":\"es\"},{\"@type\":\"Organization\",\"@id\":\"https:\/\/www.carsharevt.org\/#organization\",\"name\":\"CarShare Vermont\",\"alternateName\":\"CarShare VT\",\"url\":\"https:\/\/www.carsharevt.org\/\",\"logo\":{\"@type\":\"ImageObject\",\"inLanguage\":\"es\",\"@id\":\"https:\/\/www.carsharevt.org\/#\/schema\/logo\/image\/\",\"url\":\"https:\/\/www.carsharevt.org\/wp-content\/uploads\/2023\/01\/carshare-logo.png\",\"contentUrl\":\"https:\/\/www.carsharevt.org\/wp-content\/uploads\/2023\/01\/carshare-logo.png\",\"width\":640,\"height\":100,\"caption\":\"CarShare Vermont\"},\"image\":{\"@id\":\"https:\/\/www.carsharevt.org\/#\/schema\/logo\/image\/\"},\"sameAs\":[\"http:\/\/facebook.com\/carsharevermont\",\"https:\/\/x.com\/carsharevermont\",\"https:\/\/www.instagram.com\/carsharevermont\/\"]}]}<\/script>\n<!-- \/ Yoast SEO plugin. -->","yoast_head_json":{"title":"Pol\u00edtica de privacidad - CarShare Vermont","robots":{"index":"index","follow":"follow","max-snippet":"max-snippet:-1","max-image-preview":"max-image-preview:large","max-video-preview":"max-video-preview:-1"},"canonical":"https:\/\/www.carsharevt.org\/es\/politica-de-privacidad\/","og_locale":"es_ES","og_type":"article","og_title":"Pol\u00edtica de privacidad - CarShare Vermont","og_description":"&#13; POL\u00cdTICA DE PRIVACIDAD DE CARSHARE VERMONT &#13; &#13; Nos comprometemos a proteger su privacidad. &#13; &#13; CarShare Vermont aprecia y valora la confianza que nuestros miembros depositan en nosotros. Estamos comprometidos a proteger la informaci\u00f3n privada y personal de nuestros miembros. Nos esforzamos por comunicar claramente qu\u00e9 informaci\u00f3n recopilamos, las razones para recopilar informaci\u00f3n [&hellip;]","og_url":"https:\/\/www.carsharevt.org\/es\/politica-de-privacidad\/","og_site_name":"CarShare Vermont","article_publisher":"http:\/\/facebook.com\/carsharevermont","article_modified_time":"2023-07-01T00:49:49+00:00","twitter_card":"summary_large_image","twitter_site":"@carsharevermont","twitter_misc":{"Tiempo de lectura":"12 minutos"},"schema":{"@context":"https:\/\/schema.org","@graph":[{"@type":"WebPage","@id":"https:\/\/www.carsharevt.org\/es\/politica-de-privacidad\/","url":"https:\/\/www.carsharevt.org\/es\/politica-de-privacidad\/","name":"Pol\u00edtica de privacidad - CarShare Vermont","isPartOf":{"@id":"https:\/\/www.carsharevt.org\/#website"},"datePublished":"2022-12-17T19:49:55+00:00","dateModified":"2023-07-01T00:49:49+00:00","breadcrumb":{"@id":"https:\/\/www.carsharevt.org\/es\/politica-de-privacidad\/#breadcrumb"},"inLanguage":"es","potentialAction":[{"@type":"ReadAction","target":["https:\/\/www.carsharevt.org\/es\/politica-de-privacidad\/"]}]},{"@type":"BreadcrumbList","@id":"https:\/\/www.carsharevt.org\/es\/politica-de-privacidad\/#breadcrumb","itemListElement":[{"@type":"ListItem","position":1,"name":"Home","item":"https:\/\/www.carsharevt.org\/es\/hogar\/"},{"@type":"ListItem","position":2,"name":"Pol\u00edtica de privacidad"}]},{"@type":"WebSite","@id":"https:\/\/www.carsharevt.org\/#website","url":"https:\/\/www.carsharevt.org\/","name":"CarShare Vermont","description":"Change the way you get around!","publisher":{"@id":"https:\/\/www.carsharevt.org\/#organization"},"alternateName":"CarShare VT","potentialAction":[{"@type":"SearchAction","target":{"@type":"EntryPoint","urlTemplate":"https:\/\/www.carsharevt.org\/?s={search_term_string}"},"query-input":{"@type":"PropertyValueSpecification","valueRequired":true,"valueName":"search_term_string"}}],"inLanguage":"es"},{"@type":"Organization","@id":"https:\/\/www.carsharevt.org\/#organization","name":"CarShare Vermont","alternateName":"CarShare VT","url":"https:\/\/www.carsharevt.org\/","logo":{"@type":"ImageObject","inLanguage":"es","@id":"https:\/\/www.carsharevt.org\/#\/schema\/logo\/image\/","url":"https:\/\/www.carsharevt.org\/wp-content\/uploads\/2023\/01\/carshare-logo.png","contentUrl":"https:\/\/www.carsharevt.org\/wp-content\/uploads\/2023\/01\/carshare-logo.png","width":640,"height":100,"caption":"CarShare Vermont"},"image":{"@id":"https:\/\/www.carsharevt.org\/#\/schema\/logo\/image\/"},"sameAs":["http:\/\/facebook.com\/carsharevermont","https:\/\/x.com\/carsharevermont","https:\/\/www.instagram.com\/carsharevermont\/"]}]}},"_links":{"self":[{"href":"https:\/\/www.carsharevt.org\/es\/wp-json\/wp\/v2\/pages\/1827","targetHints":{"allow":["GET"]}}],"collection":[{"href":"https:\/\/www.carsharevt.org\/es\/wp-json\/wp\/v2\/pages"}],"about":[{"href":"https:\/\/www.carsharevt.org\/es\/wp-json\/wp\/v2\/types\/page"}],"author":[{"embeddable":true,"href":"https:\/\/www.carsharevt.org\/es\/wp-json\/wp\/v2\/users\/2"}],"replies":[{"embeddable":true,"href":"https:\/\/www.carsharevt.org\/es\/wp-json\/wp\/v2\/comments?post=1827"}],"version-history":[{"count":0,"href":"https:\/\/www.carsharevt.org\/es\/wp-json\/wp\/v2\/pages\/1827\/revisions"}],"wp:attachment":[{"href":"https:\/\/www.carsharevt.org\/es\/wp-json\/wp\/v2\/media?parent=1827"}],"curies":[{"name":"wp","href":"https:\/\/api.w.org\/{rel}","templated":true}]}}