{"id":1824,"date":"2022-12-17T14:49:55","date_gmt":"2022-12-17T19:49:55","guid":{"rendered":"https:\/\/www.carsharevt.org\/politika-privatnosti\/"},"modified":"2023-06-30T19:49:48","modified_gmt":"2023-07-01T00:49:48","slug":"politika-privatnosti","status":"publish","type":"page","link":"https:\/\/www.carsharevt.org\/bs\/politika-privatnosti\/","title":{"rendered":"Politika privatnosti"},"content":{"rendered":"&#13;\n<h4 class=\"wp-block-heading\">CARSHARE VERMONT POLITIKA PRIVATNOSTI<\/h4>&#13;\n&#13;\n<h1 class=\"wp-block-heading\">Mi smo posve\u0107eni za\u0161titi Va\u0161e privatnosti.<\/h1>&#13;\n&#13;\n<p>CarShare Vermont cijeni i cijeni povjerenje koje na\u0161i \u010dlanovi imaju u nama. Posve\u0107eni smo za\u0161titi privatnih, li\u010dnih podataka na\u0161ih \u010dlanova. Trudimo se da jasno saop\u0161timo koje informacije prikupljamo, razloge za prikupljanje li\u010dnih podataka \u010dlanova i na\u010dine na koje je poverljivost ovih informacija za\u0161ti\u0107ena.<\/p>&#13;\n&#13;\n<p>CarShare Vermont je nezavisna neprofitna organizacija i informacije o \u010dlanovima se ne dele automatski sa drugim organizacijama sa kojima smo povezani. \u010clanovi (i potencijalni \u010dlanovi) uvek mogu da izaberu da ne dostave CarShare Vermont neke ili sve li\u010dne podatke; Me\u0111utim, ova odluka mo\u017ee spre\u010diti CarShare Vermont da odredi podobnost za \u010dlanstvo i mogu\u0107nost da \u010dlanovima omogu\u0107i potpuni pristup dostupnim ili zahtevanim uslugama. Va\u0161e li\u010dne podatke ne\u0107emo prikupljati bez Va\u0161e saglasnosti.<\/p>&#13;\n&#13;\n<h5 class=\"wp-block-heading\">Razlozi za prikupljanje li\u010dnih podataka<\/h5>&#13;\n&#13;\n<p>CarShare Vermont prikuplja li\u010dne podatke tako da:<\/p>&#13;\n\r\n<ul class=\"wp-block-list\">&#13;\n<li>Utvr\u0111ivanje podobnosti za \u010dlanstvo;<\/li>&#13;\n\r\n\r\n&#13;\n<li>Komunicirati sa \u010dlanovima o njihovom u\u010de\u0161\u0107u u programu deljenja automobila, uklju\u010duju\u0107i, ali ne ograni\u010davaju\u0107i se na pra\u0107enje rezervacija i kori\u0161\u0107enja vozila, fakture, biltene, organizacione najave itd.;<\/li>&#13;\n\r\n\r\n&#13;\n<li>Pobolj\u0161anje na\u0161ih usluga putem anketa \u010dlanova i konsultacija koje sprovodi direktno CarShare Vermont ili odobrene tre\u0107e strane;<\/li>&#13;\n\r\n\r\n&#13;\n<li>Osigurati da \u010dlanovi koriste vozila na odgovaraju\u0107i na\u010din;<\/li>&#13;\n\r\n\r\n&#13;\n<li>Osigurati da \u010dlanovi CarShare Vermonta slijede pravila o kori\u0161tenju vozila; i<\/li>&#13;\n\r\n\r\n&#13;\n<li>u skladu sa zakonskim i osiguravaju\u0107im zahtevima.<\/li>&#13;\n<\/ul>\r\n&#13;\n<h5 class=\"wp-block-heading\">Informacije o \u010dlanovima koje prikupljamo<\/h5>&#13;\n&#13;\n<p>Kao deo u\u010de\u0161\u0107a \u010dlanova u programu deljenja automobila, CarShare Vermont prikuplja razli\u010dite informacije o svojim \u010dlanovima. Takve informacije obi\u010dno uklju\u010duju, ali nisu ograni\u010dene na:<\/p>&#13;\n\r\n<ul class=\"wp-block-list\">&#13;\n<li>Kontakt podaci, uklju\u010duju\u0107i va\u0161e ime, ku\u0107nu adresu, broj telefona i e-mail adresu, kao i ime i kontakt podatke va\u0161e kontakt osobe za hitne slu\u010dajeve;<\/li>&#13;\n\r\n\r\n&#13;\n<li>Informacije koje se odnose na podobnost \u010dlana, uklju\u010duju\u0107i datum i dob ro\u0111enja, informacije o voza\u010dkoj dozvoli, voza\u010dku evidenciju i informacije o auto osiguranju;<\/li>&#13;\n\r\n\r\n&#13;\n<li>Informacije koje se odnose na podobnost za \u010dlanstvo u MobilityShare-u, uklju\u010duju\u0107i provjeru prihoda;<\/li>&#13;\n\r\n\r\n&#13;\n<li>Informacije o pla\u0107anju, zapis o va\u0161im pla\u0107anjima, \u0161ifrovane podatke o kreditnoj ili debitnoj kartici ili druge informacije koje pru\u017eate kako bismo mogli da prikupljamo uplatu;<\/li>&#13;\n\r\n\r\n&#13;\n<li>Informacije o kori\u0161tenju vozila, uklju\u010duju\u0107i vremenske oznake pristupa i zaklju\u010davanja vozila, pre\u0111ene udaljenosti, brzine vo\u017enje i trenutne i historijske lokacije vozila;<\/li>&#13;\n\r\n\r\n&#13;\n<li>Historija \u010dlanstva u CarShare Vermontu;<\/li>&#13;\n\r\n\r\n&#13;\n<li>Poslodavac, \u0161kola ili druge asocijacije (kao \u0161to su a\u017eurirane informacije koje se odnose na va\u0161 odnos prema tim preduze\u0107ima ili organizacijama);<\/li>&#13;\n\r\n\r\n&#13;\n<li>javno dostupne informacije.<\/li>&#13;\n<\/ul>\r\n&#13;\n<h5 class=\"wp-block-heading\">Kako prikupljamo informacije<\/h5>&#13;\n&#13;\n<p>CarShare Vermont prvenstveno prikuplja li\u010dne podatke direktno od \u010dlana putem obrazaca za prijavu, anketa, komunikacija iniciranih od strane \u010dlanova ili informacija koje \u010dlan direktno tra\u017ei od tre\u0107e strane da po\u0161alje CarShare Vermontu. Ako komuniciramo sa \u010dlanom telefonom, e-po\u0161tom ili bilo kojim oblikom elektronske komunikacije, takvu komunikaciju mo\u017eemo snimiti u svrhu osiguranja kvaliteta ili u bilo koju od gore navedenih svrha pod &#8220;Razlozi za prikupljanje li\u010dnih podataka.&#8221; Sistemi tehnologije deljenja automobila u vozilu pru\u017ei\u0107e informacije o upotrebi vozila, uklju\u010duju\u0107i, ali ne ograni\u010davaju\u0107i se na brzine vo\u017enje i lokacije. U odgovaraju\u0107im okolnostima, informacije dobijamo iz izvora tre\u0107ih strana \u2013 na primjer, povezanih carshare organizacija \u010diji \u010dlanovi \u017eele postati \u010dlanovi roaminga sa CarShare Vermontom. Podaci o vo\u017enji mogu se dobiti iz izvora tre\u0107ih strana, kao \u0161to su osigurava\u010di, prema potrebi.<\/p>&#13;\n&#13;\n<h5 class=\"wp-block-heading\">Kori\u0161\u0107enje Va\u0161ih li\u010dnih podataka<\/h5>&#13;\n&#13;\n<p>Li\u010dne podatke obra\u0111ujemo po\u0161tuju\u0107i privatnost. Osim ako nije objavljeno u aplikaciji CarShare Vermont i sporazumima o \u010dlanicama i\/ili ako je potrebno za obavljanje redovnih poslovnih operacija, ili kako je navedeno u nastavku, CarShare Vermont ne\u0107e otkriti li\u010dne podatke bilo kog \u010dlana (kao \u0161to su, ali ne ograni\u010davaju\u0107i se na ime, fizi\u010dke i e-mail adrese, brojeve telefona, broj voza\u010dke dozvole, datum ro\u0111enja, broj socijalnog osiguranja, brojeve ra\u010duna banke i kreditnih kartica) bez prethodnog odobrenja \u010dlana.<\/p>&#13;\n&#13;\n<p>Odgovornost na\u0161ih zaposlenih: Svaki od na\u0161ih zaposlenih je odgovoran za odr\u017eavanje poverljivosti svih li\u010dnih podataka kojima imaju pristup. Obave\u0161tavamo na\u0161e zaposlene o na\u0161im politikama i procedurama za za\u0161titu li\u010dnih podataka, a svaki zaposleni je obavezan politikom poverljivosti navedenim u Priru\u010dniku za zaposlene kompanije CarShare Vermont. Tokom administriranja putem CarShare Vermont, mo\u017eemo otkriti informacije drugim entitetima. Zakon nam omogu\u0107ava da otkrijemo bilo koje ili sve informacije koje smo prikupili o \u010dlanovima entitetima koji obavljaju usluge u na\u0161e ime i organizacijama sa kojima smo povezani. Pre nego \u0161to otkrijemo informacije o \u010dlanovima ovim organizacijama, zahtevamo da ih \u010duvaju u tajnosti i da ih koriste samo za transakcije koje zahtevamo.<\/p>&#13;\n&#13;\n<p>Tako\u0111e mo\u017eemo otkriti bilo koju ili sve informacije u vezi sa razmatranim ili teku\u0107im pravnim ili upravnim postupkom, sudskim pozivom, sudskim nalogom ili upravnim nalogom ili pitanjima koja uklju\u010duju pretnju neposrednom \u0161tetom vama ili drugima ili imovini, ili kada zakon druga\u010dije zahteva da otkrijemo informacije. U navedenim slu\u010dajevima, mi:<\/p>&#13;\n\r\n<ol class=\"wp-block-list\">&#13;\n<li>Nastojati ograni\u010diti opseg obelodanjivanja na ono \u0161to je razumno potrebno da bi se ispunila svrha obelodanjivanja;<\/li>&#13;\n\r\n\r\n&#13;\n<li>Nastojati ograni\u010diti takva obelodanjivanja samo odgovaraju\u0107im organima;<\/li>&#13;\n\r\n\r\n&#13;\n<li>Preduzeti razumne napore da vas unapred obaveste o takvom obelodanjivanju (ili zahtevu za obelodanjivanje), osim ako: ako je druga\u010dije nare\u0111eno od strane suda ili drugog organa sa odgovaraju\u0107om nadle\u017eno\u0161\u0107u, ili je obelodanjivanje u vezi sa krivi\u010dnom istragom ili postupkom.<\/li>&#13;\n<\/ol>\r\n&#13;\n<p>CarShare Vermont tako\u0111e mo\u017ee da objavi informacije va\u0161em poslodavcu ako je va\u0161e u\u010de\u0161\u0107e u programu deljenja automobila koordinisano, sponzorisano ili finansirano od strane va\u0161eg poslodavca i otkrivanje je potrebno da bi se ispunio zahtev poslodavca za informacijama.<\/p>&#13;\n&#13;\n<h5 class=\"wp-block-heading\">Za\u0161tita Va\u0161ih li\u010dnih podataka od neovla\u0161\u0107enog pristupa<\/h5>&#13;\n&#13;\n<p>U poslovanju kompanije CarShare Vermont ograni\u010davamo pristup informacijama o \u010dlanovima na one radnike koji imaju legitiman poslovni razlog za takav pristup. Odr\u017eavamo fizi\u010dke, elektronske i proceduralne za\u0161titne mere kako bismo za\u0161titili li\u010dne podatke od pristupa neovla\u0161\u0107enih lica.<\/p>&#13;\n&#13;\n<p>CarShare Vermont ne prihvata niti prenosi podatke o kreditnoj kartici putem e-maila.<\/p>&#13;\n&#13;\n<h5 class=\"wp-block-heading\">Zbirne i anonimne informacije o \u010dlanstvu<\/h5>&#13;\n&#13;\n<p>CarShare Vermont mo\u017ee, bez prethodnog odobrenja bilo kog \u010dlana, deliti zbirno ili anonimno \u010dlanstvo, kori\u0161\u0107enje vozila ili dobrovoljno dostavljene demografske informacije u cilju olak\u0161avanja istra\u017eivanja namenjenih promovisanju javnog dobra ili tra\u017eenja sredstava za na\u0161e usluge.<\/p>&#13;\n&#13;\n<p><em>A\u017eurirano 1. jula 2019. godine, podlo\u017eno promjenama bez prethodne najave.<\/em><\/p>&#13;\n&#13;\n<h4 class=\"wp-block-heading\">Politika privatnosti web stranice<\/h4>&#13;\n&#13;\n<h5 class=\"wp-block-heading\">Priznavanje i prihvatanje uslova<\/h5>&#13;\n&#13;\n<p>Ova Izjava o privatnosti utvr\u0111uje na\u0161u trenutnu praksu privatnosti u vezi sa informacijama koje prikupljamo kada vi ili va\u0161 ra\u010dunar stupite u interakciju sa na\u0161im veb sajtom. Pristupom <a href=\"http:\/\/www.carsharevt.org\/\">www.carsharevt.org<\/a>, potvr\u0111ujete i u potpunosti razumete Izjavu o privatnosti kompanije CarShare VT i slobodno pristajete na prakse prikupljanja i kori\u0161\u0107enja informacija opisane u ovoj Izjavi o privatnosti na veb lokaciji.<\/p>&#13;\n&#13;\n<h6 class=\"wp-block-heading\">Informacije koje prikupljamo i kako ih koristimo<\/h6>&#13;\n&#13;\n<p>CarShare Vermont prikuplja odre\u0111ene informacije od i o svojim korisnicima na tri na\u010dina: direktno iz evidencije web servera, korisnika i pomo\u0107u kola\u010di\u0107a.<\/p>&#13;\n&#13;\n<h6 class=\"wp-block-heading\">Dnevnik web servera<\/h6>&#13;\n&#13;\n<p>Kada posetite na\u0161 sajt, mo\u017eemo pratiti informacije za administriranje sajta i analizirati njegovu upotrebu. Primjeri informacija koje mo\u017eemo pratiti uklju\u010duju:<\/p>&#13;\n\r\n<ul class=\"wp-block-list\">&#13;\n<li>Va\u0161a adresa Internet protokola.<\/li>&#13;\n\r\n\r\n&#13;\n<li>Vrsta pretra\u017eiva\u010da ili ra\u010dunara koji koristite.<\/li>&#13;\n\r\n\r\n&#13;\n<li>Broj linkova na koje kliknete na sajtu.<\/li>&#13;\n\r\n\r\n&#13;\n<li>Dr\u017eava ili dr\u017eava iz koje ste pristupili sajtu.<\/li>&#13;\n\r\n\r\n&#13;\n<li>Datum i vreme Va\u0161e posete<\/li>&#13;\n\r\n\r\n&#13;\n<li>Ime Va\u0161eg internet provajdera.<\/li>&#13;\n\r\n\r\n&#13;\n<li>Web stranica sa koje ste povezali na\u0161 sajt.<\/li>&#13;\n\r\n\r\n&#13;\n<li>Stranice koje ste pogledali na sajtu.<\/li>&#13;\n<\/ul>\r\n&#13;\n<h6 class=\"wp-block-heading\">Kori\u0161tenje kola\u010di\u0107a<\/h6>&#13;\n&#13;\n<p>CarShare Vermont mo\u017ee da koristi kola\u010di\u0107e za personalizaciju ili pobolj\u0161anje Va\u0161eg korisni\u010dkog iskustva. Kola\u010di\u0107 je mala tekstualna datoteka koja se nalazi na va\u0161em tvrdom disku od strane servera web stranice. Kola\u010di\u0107i se ne mogu koristiti za pokretanje programa ili isporuku virusa na va\u0161 ra\u010dunar. Kola\u010di\u0107i su vam jedinstveno dodeljeni i mogu ih \u010ditati samo veb server u domeni koja vam je izdala kola\u010di\u0107.<\/p>&#13;\n&#13;\n<p>Jedna od primarnih svrha kola\u010di\u0107a je da obezbede funkciju pogodnosti kako bi vam u\u0161tedeli vreme. Na primer, ako personalizujete veb stranicu ili se kre\u0107ete unutar sajta, kola\u010di\u0107 poma\u017ee sajtu da se priseti va\u0161ih specifi\u010dnih informacija o narednim posetama. Stoga, ovo pojednostavljuje proces isporuke relevantnog sadr\u017eaja i olak\u0161ava navigaciju sajta pru\u017eanjem i \u010duvanjem va\u0161ih preferencija i informacija za prijavljivanje, kao i pru\u017eanjem personalizovane funkcionalnosti.<\/p>&#13;\n&#13;\n<p>CarShare Vermont zadr\u017eava pravo da deli zbirne statistike sajta sa partnerskim kompanijama, ali ne dozvoljava drugim kompanijama da postavljaju kola\u010di\u0107e na na\u0161u veb stranicu, osim ako ne postoji privremena, preovla\u0111uju\u0107a vrednost korisnika (kao \u0161to je spajanje u <a href=\"http:\/\/www.carsharevt.org\/\">www.carsharevt.org<\/a> sajt koji se oslanja na kola\u010di\u0107e tre\u0107ih lica).<\/p>&#13;\n&#13;\n<p>Imate mogu\u0107nost prihvatanja ili odbijanja kola\u010di\u0107a. Ve\u0107ina veb pregleda\u010da automatski prihvata kola\u010di\u0107e, ali obi\u010dno mo\u017eete da izmenite pode\u0161avanje pretra\u017eiva\u010da kako biste odbili kola\u010di\u0107e. Ako odbijete kola\u010di\u0107e promjenom postavki preglednika, imajte na umu da to mo\u017ee onemogu\u0107iti neke od funkcionalnosti na na\u0161oj web stranici.<\/p>&#13;\n&#13;\n<h6 class=\"wp-block-heading\">Upotreba li\u010dnih podataka<\/h6>&#13;\n&#13;\n<p>Posetioci na\u0161eg sajta mogu da se registruju za kupovinu robe. Kada se registrujete, zatra\u017ei\u0107emo neke li\u010dne podatke kao \u0161to su ime, adresa, e-po\u0161ta, broj telefona ili broj faksimila, broj naloga i druge relevantne informacije. Ukoliko kupujete robu, tra\u017ei\u0107emo finansijske informacije. Sve finansijske informacije koje prikupimo koriste se samo za naplatu robe koju ste kupili. Ukoliko kupite putem kreditne kartice, ove informacije mogu biti prosle\u0111ene Va\u0161em provajderu kreditnih kartica. Za ostale vrste registracija tra\u017eit \u0107emo relevantne informacije. Od vas se tako\u0111e mo\u017ee tra\u017eiti da nam otkrijete li\u010dne podatke kako bismo mogli da vam pru\u017eimo pomo\u0107 i informacije. Na primer, takvi podaci mogu biti opravdani kako bi se obezbedila onlajn tehni\u010dka podr\u0161ka i re\u0161avanje problema.<\/p>&#13;\n&#13;\n<p>Ne\u0107emo otkriti li\u010dne podatke koje prikupljamo od vas tre\u0107im licima bez va\u0161e dozvole, osim u meri u kojoj je to neophodno, uklju\u010duju\u0107i:<\/p>&#13;\n\r\n<ul class=\"wp-block-list\">&#13;\n<li>Ispunjavanje Va\u0161ih zahtjeva za robom;<\/li>&#13;\n\r\n\r\n&#13;\n<li>da se odbranimo od odgovornosti;<\/li>&#13;\n\r\n\r\n&#13;\n<li>da reaguje na pravni proces ili da se pridr\u017eava zakona; ili<\/li>&#13;\n\r\n\r\n&#13;\n<li>U vezi sa spajanjem, akvizicijom ili likvidacijom kompanije.<\/li>&#13;\n<\/ul>\r\n&#13;\n<h5 class=\"wp-block-heading\">Promjene u ovoj izjavi<\/h5>&#13;\n&#13;\n<p>CarShare Vermont ima diskreciono pravo da povremeno a\u017eurira ovu izjavu o privatnosti. Kada to uradimo, tako\u0111e \u0107emo revidirati datum &#8220;a\u017euriranja&#8221; na vrhu ove stranice privatnosti. Podsti\u010demo vas da periodi\u010dno pregledate ovu izjavu o privatnosti kako biste ostali informisani o tome kako poma\u017eemo u za\u0161titi li\u010dnih podataka koje prikupljamo. Va\u0161e kontinuirano kori\u0161\u0107enje usluge predstavlja va\u0161 pristanak na ovu izjavu o privatnosti i sva a\u017euriranja.<\/p>&#13;\n&#13;\n<h5 class=\"wp-block-heading\">Legalno<\/h5>&#13;\n&#13;\n<p>CarShare Vermont odr\u017eava svoju web stranicu kao uslugu internet zajednici. Pristup i kori\u0161\u0107enje <a href=\"http:\/\/www.carsharevt.org\/\">www.carsharevt.org<\/a> podle\u017ee ovde navedenim odredbama i uslovima i svim va\u017ee\u0107im zakonima. S vremena na vreme mo\u017eemo revidirati ove uslove i odredbe a\u017euriranjem ovog posta.<\/p>&#13;\n&#13;\n<p>Ovaj sajt i sav njegov sadr\u017eaj, uklju\u010duju\u0107i, ali ne ograni\u010davaju\u0107i se na, sav tekst i slike (&#8220;sadr\u017eaj&#8221;) su u vlasni\u0161tvu i za\u0161ti\u0107eni autorskim pravima od strane CarShare Vermont ili drugih sa svim pravima zadr\u017eanim, osim ako nije druga\u010dije nazna\u010deno. Sadr\u017eaj, bez izri\u010ditog pismenog odobrenja CarShare Vermonta ili zakonitog vlasnika, ne mo\u017ee se distribuirati, preuzimati, mijenjati, ure\u0111ivati, ponovo koristiti, reproducirati, prenijeti, izvr\u0161iti, prikazati ili na drugi na\u010din koristiti na bilo koji mehani\u010dki ili elektronski na\u010din, osim kako je ovdje navedeno.<\/p>&#13;\n&#13;\n<p>Bilo koji sadr\u017eaj koji je za\u0161titni znak, logotip ili uslu\u017eni \u017eig je tako\u0111e registrovani i\/ili neregistrovani za\u0161titni znak kompanije CarShare Vermont ili drugih.<\/p>&#13;\n&#13;\n<h5 class=\"wp-block-heading\">Kontaktira nas<\/h5>&#13;\n&#13;\n<p>Ukoliko imate pitanja u vezi sa na\u0161om Izjavom o privatnosti, njenom primenom, nepridr\u017eavanjem ove Izjave o privatnosti i\/ili na\u0161om op\u0161tom praksom, molimo Vas da nas kontaktirate u <a href=\"mailto:info@carsharevt.org\">info@carsharevt.org<\/a> ili nam po\u0161aljete svoje komentare. Ulo\u017ei\u0107emo komercijalno razumne napore da brzo odgovorimo i re\u0161imo bilo koji problem ili pitanje.<\/p>&#13;\n","protected":false},"excerpt":{"rendered":"<p>&#13; CARSHARE VERMONT POLITIKA PRIVATNOSTI &#13; &#13; Mi smo posve\u0107eni za\u0161titi Va\u0161e privatnosti. &#13; &#13; CarShare Vermont cijeni i cijeni povjerenje koje na\u0161i \u010dlanovi imaju u nama. Posve\u0107eni smo za\u0161titi privatnih, li\u010dnih podataka na\u0161ih \u010dlanova. Trudimo se da jasno saop\u0161timo koje informacije prikupljamo, razloge za prikupljanje li\u010dnih podataka \u010dlanova i na\u010dine na koje je poverljivost [&hellip;]<\/p>\n","protected":false},"author":2,"featured_media":0,"parent":0,"menu_order":14,"comment_status":"closed","ping_status":"closed","template":"","meta":{"_acf_changed":false,"inline_featured_image":false,"footnotes":""},"class_list":["post-1824","page","type-page","status-publish","hentry"],"acf":[],"yoast_head":"<!-- This site is optimized with the Yoast SEO plugin v26.8 - https:\/\/yoast.com\/product\/yoast-seo-wordpress\/ -->\n<title>Politika privatnosti - CarShare Vermont<\/title>\n<meta name=\"robots\" content=\"index, follow, max-snippet:-1, max-image-preview:large, max-video-preview:-1\" \/>\n<link rel=\"canonical\" href=\"https:\/\/www.carsharevt.org\/bs\/politika-privatnosti\/\" \/>\n<meta property=\"og:locale\" content=\"bs_BA\" \/>\n<meta property=\"og:type\" content=\"article\" \/>\n<meta property=\"og:title\" content=\"Politika privatnosti - CarShare Vermont\" \/>\n<meta property=\"og:description\" content=\"&#013; CARSHARE VERMONT POLITIKA PRIVATNOSTI &#013; &#013; Mi smo posve\u0107eni za\u0161titi Va\u0161e privatnosti. &#013; &#013; CarShare Vermont cijeni i cijeni povjerenje koje na\u0161i \u010dlanovi imaju u nama. Posve\u0107eni smo za\u0161titi privatnih, li\u010dnih podataka na\u0161ih \u010dlanova. Trudimo se da jasno saop\u0161timo koje informacije prikupljamo, razloge za prikupljanje li\u010dnih podataka \u010dlanova i na\u010dine na koje je poverljivost [&hellip;]\" \/>\n<meta property=\"og:url\" content=\"https:\/\/www.carsharevt.org\/bs\/politika-privatnosti\/\" \/>\n<meta property=\"og:site_name\" content=\"CarShare Vermont\" \/>\n<meta property=\"article:publisher\" content=\"http:\/\/facebook.com\/carsharevermont\" \/>\n<meta property=\"article:modified_time\" content=\"2023-07-01T00:49:48+00:00\" \/>\n<meta name=\"twitter:card\" content=\"summary_large_image\" \/>\n<meta name=\"twitter:site\" content=\"@carsharevermont\" \/>\n<meta name=\"twitter:label1\" content=\"Est. reading time\" \/>\n\t<meta name=\"twitter:data1\" content=\"10 minuta\" \/>\n<script type=\"application\/ld+json\" class=\"yoast-schema-graph\">{\"@context\":\"https:\/\/schema.org\",\"@graph\":[{\"@type\":\"WebPage\",\"@id\":\"https:\/\/www.carsharevt.org\/bs\/politika-privatnosti\/\",\"url\":\"https:\/\/www.carsharevt.org\/bs\/politika-privatnosti\/\",\"name\":\"Politika privatnosti - CarShare Vermont\",\"isPartOf\":{\"@id\":\"https:\/\/www.carsharevt.org\/#website\"},\"datePublished\":\"2022-12-17T19:49:55+00:00\",\"dateModified\":\"2023-07-01T00:49:48+00:00\",\"breadcrumb\":{\"@id\":\"https:\/\/www.carsharevt.org\/bs\/politika-privatnosti\/#breadcrumb\"},\"inLanguage\":\"bs-BA\",\"potentialAction\":[{\"@type\":\"ReadAction\",\"target\":[\"https:\/\/www.carsharevt.org\/bs\/politika-privatnosti\/\"]}]},{\"@type\":\"BreadcrumbList\",\"@id\":\"https:\/\/www.carsharevt.org\/bs\/politika-privatnosti\/#breadcrumb\",\"itemListElement\":[{\"@type\":\"ListItem\",\"position\":1,\"name\":\"Home\",\"item\":\"https:\/\/www.carsharevt.org\/bs\/dom\/\"},{\"@type\":\"ListItem\",\"position\":2,\"name\":\"Politika privatnosti\"}]},{\"@type\":\"WebSite\",\"@id\":\"https:\/\/www.carsharevt.org\/#website\",\"url\":\"https:\/\/www.carsharevt.org\/\",\"name\":\"CarShare Vermont\",\"description\":\"Change the way you get around!\",\"publisher\":{\"@id\":\"https:\/\/www.carsharevt.org\/#organization\"},\"alternateName\":\"CarShare VT\",\"potentialAction\":[{\"@type\":\"SearchAction\",\"target\":{\"@type\":\"EntryPoint\",\"urlTemplate\":\"https:\/\/www.carsharevt.org\/?s={search_term_string}\"},\"query-input\":{\"@type\":\"PropertyValueSpecification\",\"valueRequired\":true,\"valueName\":\"search_term_string\"}}],\"inLanguage\":\"bs-BA\"},{\"@type\":\"Organization\",\"@id\":\"https:\/\/www.carsharevt.org\/#organization\",\"name\":\"CarShare Vermont\",\"alternateName\":\"CarShare VT\",\"url\":\"https:\/\/www.carsharevt.org\/\",\"logo\":{\"@type\":\"ImageObject\",\"inLanguage\":\"bs-BA\",\"@id\":\"https:\/\/www.carsharevt.org\/#\/schema\/logo\/image\/\",\"url\":\"https:\/\/www.carsharevt.org\/wp-content\/uploads\/2023\/01\/carshare-logo.png\",\"contentUrl\":\"https:\/\/www.carsharevt.org\/wp-content\/uploads\/2023\/01\/carshare-logo.png\",\"width\":640,\"height\":100,\"caption\":\"CarShare Vermont\"},\"image\":{\"@id\":\"https:\/\/www.carsharevt.org\/#\/schema\/logo\/image\/\"},\"sameAs\":[\"http:\/\/facebook.com\/carsharevermont\",\"https:\/\/x.com\/carsharevermont\",\"https:\/\/www.instagram.com\/carsharevermont\/\"]}]}<\/script>\n<!-- \/ Yoast SEO plugin. -->","yoast_head_json":{"title":"Politika privatnosti - CarShare Vermont","robots":{"index":"index","follow":"follow","max-snippet":"max-snippet:-1","max-image-preview":"max-image-preview:large","max-video-preview":"max-video-preview:-1"},"canonical":"https:\/\/www.carsharevt.org\/bs\/politika-privatnosti\/","og_locale":"bs_BA","og_type":"article","og_title":"Politika privatnosti - CarShare Vermont","og_description":"&#13; CARSHARE VERMONT POLITIKA PRIVATNOSTI &#13; &#13; Mi smo posve\u0107eni za\u0161titi Va\u0161e privatnosti. &#13; &#13; CarShare Vermont cijeni i cijeni povjerenje koje na\u0161i \u010dlanovi imaju u nama. Posve\u0107eni smo za\u0161titi privatnih, li\u010dnih podataka na\u0161ih \u010dlanova. Trudimo se da jasno saop\u0161timo koje informacije prikupljamo, razloge za prikupljanje li\u010dnih podataka \u010dlanova i na\u010dine na koje je poverljivost [&hellip;]","og_url":"https:\/\/www.carsharevt.org\/bs\/politika-privatnosti\/","og_site_name":"CarShare Vermont","article_publisher":"http:\/\/facebook.com\/carsharevermont","article_modified_time":"2023-07-01T00:49:48+00:00","twitter_card":"summary_large_image","twitter_site":"@carsharevermont","twitter_misc":{"Est. reading time":"10 minuta"},"schema":{"@context":"https:\/\/schema.org","@graph":[{"@type":"WebPage","@id":"https:\/\/www.carsharevt.org\/bs\/politika-privatnosti\/","url":"https:\/\/www.carsharevt.org\/bs\/politika-privatnosti\/","name":"Politika privatnosti - CarShare Vermont","isPartOf":{"@id":"https:\/\/www.carsharevt.org\/#website"},"datePublished":"2022-12-17T19:49:55+00:00","dateModified":"2023-07-01T00:49:48+00:00","breadcrumb":{"@id":"https:\/\/www.carsharevt.org\/bs\/politika-privatnosti\/#breadcrumb"},"inLanguage":"bs-BA","potentialAction":[{"@type":"ReadAction","target":["https:\/\/www.carsharevt.org\/bs\/politika-privatnosti\/"]}]},{"@type":"BreadcrumbList","@id":"https:\/\/www.carsharevt.org\/bs\/politika-privatnosti\/#breadcrumb","itemListElement":[{"@type":"ListItem","position":1,"name":"Home","item":"https:\/\/www.carsharevt.org\/bs\/dom\/"},{"@type":"ListItem","position":2,"name":"Politika privatnosti"}]},{"@type":"WebSite","@id":"https:\/\/www.carsharevt.org\/#website","url":"https:\/\/www.carsharevt.org\/","name":"CarShare Vermont","description":"Change the way you get around!","publisher":{"@id":"https:\/\/www.carsharevt.org\/#organization"},"alternateName":"CarShare VT","potentialAction":[{"@type":"SearchAction","target":{"@type":"EntryPoint","urlTemplate":"https:\/\/www.carsharevt.org\/?s={search_term_string}"},"query-input":{"@type":"PropertyValueSpecification","valueRequired":true,"valueName":"search_term_string"}}],"inLanguage":"bs-BA"},{"@type":"Organization","@id":"https:\/\/www.carsharevt.org\/#organization","name":"CarShare Vermont","alternateName":"CarShare VT","url":"https:\/\/www.carsharevt.org\/","logo":{"@type":"ImageObject","inLanguage":"bs-BA","@id":"https:\/\/www.carsharevt.org\/#\/schema\/logo\/image\/","url":"https:\/\/www.carsharevt.org\/wp-content\/uploads\/2023\/01\/carshare-logo.png","contentUrl":"https:\/\/www.carsharevt.org\/wp-content\/uploads\/2023\/01\/carshare-logo.png","width":640,"height":100,"caption":"CarShare Vermont"},"image":{"@id":"https:\/\/www.carsharevt.org\/#\/schema\/logo\/image\/"},"sameAs":["http:\/\/facebook.com\/carsharevermont","https:\/\/x.com\/carsharevermont","https:\/\/www.instagram.com\/carsharevermont\/"]}]}},"_links":{"self":[{"href":"https:\/\/www.carsharevt.org\/bs\/wp-json\/wp\/v2\/pages\/1824","targetHints":{"allow":["GET"]}}],"collection":[{"href":"https:\/\/www.carsharevt.org\/bs\/wp-json\/wp\/v2\/pages"}],"about":[{"href":"https:\/\/www.carsharevt.org\/bs\/wp-json\/wp\/v2\/types\/page"}],"author":[{"embeddable":true,"href":"https:\/\/www.carsharevt.org\/bs\/wp-json\/wp\/v2\/users\/2"}],"replies":[{"embeddable":true,"href":"https:\/\/www.carsharevt.org\/bs\/wp-json\/wp\/v2\/comments?post=1824"}],"version-history":[{"count":0,"href":"https:\/\/www.carsharevt.org\/bs\/wp-json\/wp\/v2\/pages\/1824\/revisions"}],"wp:attachment":[{"href":"https:\/\/www.carsharevt.org\/bs\/wp-json\/wp\/v2\/media?parent=1824"}],"curies":[{"name":"wp","href":"https:\/\/api.w.org\/{rel}","templated":true}]}}